{"id":679,"date":"2019-07-25T22:41:51","date_gmt":"2019-07-25T20:41:51","guid":{"rendered":"https:\/\/legalpartners.at\/politykaprywatnosci\/"},"modified":"2019-09-22T21:09:09","modified_gmt":"2019-09-22T19:09:09","slug":"politykaprywatnosci","status":"publish","type":"page","link":"https:\/\/legalpartners.at\/pl\/politykaprywatnosci\/","title":{"rendered":"O\u015bwiadczenie o ochronie danych osobowych"},"content":{"rendered":"\t\t<div data-elementor-type=\"wp-post\" data-elementor-id=\"679\" class=\"elementor elementor-679 elementor-18\" data-elementor-post-type=\"page\">\n\t\t\t\t\t\t<section class=\"elementor-section elementor-top-section elementor-element elementor-element-5a77ed5 elementor-section-boxed elementor-section-height-default elementor-section-height-default\" data-id=\"5a77ed5\" data-element_type=\"section\">\n\t\t\t\t\t\t<div class=\"elementor-container elementor-column-gap-default\">\n\t\t\t\t\t<div class=\"elementor-column elementor-col-100 elementor-top-column elementor-element elementor-element-f011b2f\" data-id=\"f011b2f\" data-element_type=\"column\">\n\t\t\t<div class=\"elementor-widget-wrap elementor-element-populated\">\n\t\t\t\t\t\t<div class=\"elementor-element elementor-element-de5eeae elementor-widget elementor-widget-spacer\" data-id=\"de5eeae\" data-element_type=\"widget\" data-widget_type=\"spacer.default\">\n\t\t\t\t\t\t\t<div class=\"elementor-spacer\">\n\t\t\t<div class=\"elementor-spacer-inner\"><\/div>\n\t\t<\/div>\n\t\t\t\t\t\t<\/div>\n\t\t\t\t\t<\/div>\n\t\t<\/div>\n\t\t\t\t\t<\/div>\n\t\t<\/section>\n\t\t\t\t<section class=\"elementor-section elementor-top-section elementor-element elementor-element-5abf12b elementor-section-height-min-height elementor-section-boxed elementor-section-height-default elementor-section-items-middle\" data-id=\"5abf12b\" data-element_type=\"section\">\n\t\t\t\t\t\t<div class=\"elementor-container elementor-column-gap-default\">\n\t\t\t\t\t<div class=\"elementor-column elementor-col-100 elementor-top-column elementor-element elementor-element-daa2c4b\" data-id=\"daa2c4b\" data-element_type=\"column\">\n\t\t\t<div class=\"elementor-widget-wrap elementor-element-populated\">\n\t\t\t\t\t\t<div class=\"elementor-element elementor-element-5a378db elementor-widget elementor-widget-heading\" data-id=\"5a378db\" data-element_type=\"widget\" data-widget_type=\"heading.default\">\n\t\t\t\t\t<h2 class=\"elementor-heading-title elementor-size-default\">O\u015bwiadczenie o ochronie danych osobowych<\/h2>\t\t\t\t<\/div>\n\t\t\t\t\t<\/div>\n\t\t<\/div>\n\t\t\t\t\t<\/div>\n\t\t<\/section>\n\t\t\t\t<section class=\"elementor-section elementor-top-section elementor-element elementor-element-efae800 elementor-section-boxed elementor-section-height-default elementor-section-height-default\" data-id=\"efae800\" data-element_type=\"section\">\n\t\t\t\t\t\t<div class=\"elementor-container elementor-column-gap-default\">\n\t\t\t\t\t<div class=\"elementor-column elementor-col-100 elementor-top-column elementor-element elementor-element-b2ba9d6\" data-id=\"b2ba9d6\" data-element_type=\"column\">\n\t\t\t<div class=\"elementor-widget-wrap elementor-element-populated\">\n\t\t\t\t\t\t<div class=\"elementor-element elementor-element-8f2733a elementor-widget elementor-widget-text-editor\" data-id=\"8f2733a\" data-element_type=\"widget\" data-widget_type=\"text-editor.default\">\n\t\t\t\t\t\t\t\t\t<p><b>1. Dane osobowe<br \/>\n<\/b>My, <strong>LEGAL<\/strong>PARTNERS kancelaria adwokacka, Dr. Elisabeth Weichselberger-Chlap, MA, MBA, zbieramy, przetwarzamy i wykorzystujemy Pa\u0144stwa dane osobowe wy\u0142\u0105cznie za Pa\u0144stwa zgod\u0105, upowa\u017cnieniem lub nakazem do cel\u00f3w uzgodnionych z Pa\u0144stwem lub je\u017celi istnieje jakakolwiek inna podstawa prawna zgodnie z RODO; jak i zgodnie z przepisami dotycz\u0105cymi ochrony danych osobowych i prawa cywilnego.<br \/>\nGromadzimy tylko te dane osobowe, kt\u00f3re s\u0105 niezb\u0119dne do realizacji i wykonywania naszych us\u0142ug prawnych lub kt\u00f3re zosta\u0142y nam dobrowolnie udost\u0119pnione.<br \/>\nDane osobowe to wszystkie dane, kt\u00f3re zawieraj\u0105 poszczeg\u00f3lne informacje osobiste lub rzeczowe, takie jak imi\u0119 i nazwisko, adres, adres e-mail, numer telefonu, data urodzenia, wiek, p\u0142e\u0107, numer ubezpieczenia spo\u0142ecznego, nagrania wideo, zdj\u0119cia, nagrania g\u0142osowe os\u00f3b oraz dane biometryczne, takie jak odciski palc\u00f3w. Gromadzone mog\u0105 by\u0107 r\u00f3wnie\u017c dane szczeg\u00f3lnie chronione, takie jak dane dotycz\u0105ce zdrowia lub dane zwi\u0105zane z post\u0119powaniem karnym.<\/p>\n<p><b>2. Dost\u0119p do danych i ich usuwanie<br \/>\n<\/b>Jako klient lub og\u00f3lnie jako osoba, kt\u00f3rej dane dotycz\u0105, maj\u0105 Pa\u0144stwo prawo &#8211; z zastrze\u017ceniem obowi\u0105zku zachowania poufno\u015bci przez prawnika &#8211; w ka\u017cdej chwili do informacji o przechowywanych Pa\u0144stwa danych osobowych, ich pochodzeniu i odbiorcy oraz celu przetwarzania danych, jak r\u00f3wnie\u017c prawo do sprostowania, przesy\u0142ania danych, sprzeciwu, ograniczenia przetwarzania, jak r\u00f3wnie\u017c zablokowania lub usuni\u0119cia nieprawid\u0142owych lub niedopuszczalnie przetwarzanych danych.<br \/>\nW przypadku jakichkolwiek zmian danych osobowych prosimy o poinformowanie nas o tym fakcie.<br \/>\nMaj\u0105 pa\u0144stwo prawo w ka\u017cdej chwili odwo\u0142a\u0107 swoj\u0105 zgod\u0119 na wykorzystanie Pa\u0144stwa danych osobowych. Pa\u0144stwa wniosek o podanie danych, ich usuni\u0119cie, poprawienie, zg\u0142oszenie sprzeciwu i\/lub przes\u0142anie danych, w ostatnim z tych przypadk\u00f3w, , mo\u017cna kierowa\u0107 na adres kancelarii adwokackiej podany w punkcie 11. niniejszego o\u015bwiadczenia, pod warunkiem, \u017ce nie b\u0119dzie si\u0119 to wi\u0105za\u0142o z niewsp\u00f3\u0142miernym wysi\u0142kiem.<br \/>\nJe\u017celi s\u0105 Pa\u0144stwo zdania, \u017ce przetwarzanie Pa\u0144stwa danych osobowych przez nas narusza obowi\u0105zuj\u0105ce przepisy o ochronie danych osobowych lub Pa\u0144stwa roszczenia dotycz\u0105ce ochrony danych osobowych zosta\u0142y naruszone w jakikolwiek inny spos\u00f3b, istnieje mo\u017cliwo\u015b\u0107 z\u0142o\u017cenia skargi do w\u0142a\u015bciwego organu nadzoru. W Austrii odpowiedzialny jest za to organ ochrony danych \u2013 (Datenschutzbeh\u00f6rde).<\/p>\n<p><b>3. Bezpiecze\u0144stwo danych osobowych<br \/>\n<\/b>Ochrona Pa\u0144stwa danych osobowych jest realizowana za pomoc\u0105 odpowiednich zabezpiecze\u0144 organizacyjnych i technicznych. \u015arodki te dotycz\u0105 w szczeg\u00f3lno\u015bci ochrony przed niedopuszczalnym, bezprawnym lub przypadkowym dost\u0119pem, przetwarzaniem, utrat\u0105, wykorzystaniem i manipulacj\u0105. Niezale\u017cnie od dzia\u0142a\u0144 podejmowanych w celu utrzymania odpowiednio wysokiego poziomu \u015brodk\u00f3w ostro\u017cno\u015bci, nie mo\u017cna wykluczy\u0107, \u017ce inne osoby mog\u0105 uzyska\u0107 wgl\u0105d w informacje ujawniane nam przez Pa\u0144stwa za po\u015brednictwem Internetu i je wykorzysta\u0107. Zwracamy uwag\u0119, \u017ce w zwi\u0105zku z tym nie ponosimy \u017cadnej odpowiedzialno\u015bci za ujawnienie informacji wskutek niezawinionych przez nas b\u0142\u0119d\u00f3w w transmisji danych i\/lub nieupowa\u017cnionego dost\u0119pu os\u00f3b trzecich (np. w\u0142amanie do kont e-mailowych lub telefonu, przechwytywanie faks\u00f3w).<\/p>\n<p><b>4. Wykorzystywanie danych<br \/>\n<\/b>Udost\u0119pnionych nam danych nie b\u0119dziemy przetwarza\u0107 do cel\u00f3w innych ni\u017c okre\u015blone w pe\u0142nomocnictwie, Pa\u0144stwa zgodzie lub w inny spos\u00f3b inn\u0105 regulacj\u0105 RODO. Nie dotyczy to wykorzystania danych do cel\u00f3w statystycznych, pod warunkiem, \u017ce dostarczone dane zosta\u0142y zanonimizowane.<\/p>\n<p><b>5. Przekazywanie danych osobom trzecim<br \/>\n<\/b>W celu realizacji Pa\u0144stwa zlecenia konieczne mo\u017ce by\u0107 r\u00f3wnie\u017c przekazanie Pa\u0144stwa danych osobom trzecim (np. stronie przeciwnej, substytutom, firmom ubezpieczeniowym, us\u0142ugodawcom, z kt\u00f3rych us\u0142ug korzystamy i kt\u00f3rym udost\u0119pniamy dane itp.), s\u0105dom lub urz\u0119dom. Pa\u0144stwa dane b\u0119d\u0105 przekazywane wy\u0142\u0105cznie na podstawie RODO, w szczeg\u00f3lno\u015bci w celu realizacji Pa\u0144stwa zlecenia lub na podstawie Pa\u0144stwa uprzedniej zgody.<br \/>\nPonadto informujemy, \u017ce w ramach naszej reprezentacji prawnej i wsparcia prawnego, Pa\u0144stwa informacje dotycz\u0105ce danego przypadku i stanu faktycznego b\u0119d\u0105 regularnie pobierane od os\u00f3b trzecich.<br \/>\nNiekt\u00f3rzy z wy\u017cej wymienionych odbiorc\u00f3w Pa\u0144stwa danych osobowych znajduj\u0105 si\u0119 poza granicami Pa\u0144stwa kraju lub przetwarzaj\u0105 tam Pa\u0144stwa dane osobowe. Poziom ochrony danych w innych krajach mo\u017ce nie by\u0107 taki sam jak w Austrii. Jednak\u017ce b\u0119dziemy przekazywa\u0107 Pa\u0144stwa dane osobowe jedynie do kraj\u00f3w, w odniesieniu do kt\u00f3rych Komisja Europejska zdecydowa\u0142a, \u017ce maj\u0105 one odpowiedni poziom ochrony danych lub podejmiemy dzia\u0142ania maj\u0105ce na celu zapewnienie wszystkim odbiorcom odpowiedniego poziomu ochrony danych poprzez zawarcie standardowych klauzul umownych (2010\/87\/UE i\/lub 2004\/915\/WE).<\/p>\n<p><b>6. Ujawnianie narusze\u0144 danych<br \/>\n<\/b>Dok\u0142adamy wszelkich stara\u0144 w celu zapewnienia, \u017ce naruszenia danych zostan\u0105 wykryte na wczesnym etapie i w razie potrzeby natychmiast zg\u0142oszone Pa\u0144stwu lub w\u0142a\u015bciwemu organu nadzoru, z uwzgl\u0119dnieniem odpowiednich kategorii danych, kt\u00f3rych to dotyczy.<\/p>\n<p><b>7. Przechowywanie danych<br \/>\n<\/b>Dane nie b\u0119d\u0105 przechowywane d\u0142u\u017cej ni\u017c jest to konieczne do wype\u0142nienia naszych zobowi\u0105za\u0144 umownych lub prawnych oraz do odparcia wszelkich roszcze\u0144 z tytu\u0142u odpowiedzialno\u015bci.<\/p>\n<p><b>8. Cookies<br \/>\n<\/b>Ta strona internetowa wykorzystuje pliki \u201eCookies\u201c, aby korzystanie z naszych us\u0142ug by\u0142o bardziej komfortowe, efektywne i bezpieczne.<br \/>\n\u201eCookie&#8221; to ma\u0142y plik tekstowy, kt\u00f3ry przesy\u0142amy za po\u015brednictwem naszego serwera internetowego do pliku cookie przegl\u0105darki na dysku twardym komputera u\u017cytkownika. Dzi\u0119ki temu nasza strona internetowa mo\u017ce rozpozna\u0107 Pa\u0144stwa jako u\u017cytkownika, gdy zostanie nawi\u0105zane po\u0142\u0105czenie pomi\u0119dzy naszym serwerem internetowym a Pa\u0144stwa przegl\u0105dark\u0105. Cookies pomagaj\u0105 nam okre\u015bli\u0107 cz\u0119stotliwo\u015b\u0107 korzystania i liczb\u0119 u\u017cytkownik\u00f3w naszych stron internetowych. Zawarto\u015b\u0107 u\u017cywanych przez nas plik\u00f3w cookie jest ograniczona do numeru identyfikacyjnego, kt\u00f3ry uniemo\u017cliwia bezpo\u015brednie powi\u0105zanie go z u\u017cytkownikiem. G\u0142\u00f3wnym celem pliku cookie jest rozpoznawanie odwiedzaj\u0105cych stron\u0119 internetow\u0105.<br \/>\nNa tej stronie internetowej stosowane s\u0105 dwa rodzaje plik\u00f3w cookie:<br \/>\nPliki cookie sesji: S\u0105 to tymczasowe pliki cookie, kt\u00f3re pozostaj\u0105 w pliku cookie przegl\u0105darki do momentu opuszczenia naszej strony internetowej i po zako\u0144czeniu Pa\u0144stwa wizyty s\u0105 automatycznie usuwane.<br \/>\nTrwa\u0142e pliki cookie: W celu poprawy funkcjonalno\u015bci, pliki cookie zostaj\u0105 zapisane na urz\u0105dzeniu u\u017cytkownika i pozwalaj\u0105 nam rozpozna\u0107 przegl\u0105dark\u0119 przy nast\u0119pnej wizycie.<br \/>\nMo\u017cecie Pa\u0144stwo tak skonfigurowa\u0107 swoj\u0105 przegl\u0105dark\u0119, aby informowa\u0142a o zapisywaniu plik\u00f3w cookie i zezwala\u0142a na nie tylko w indywidualnych przypadkach, akceptowa\u0142a pliki cookie w okre\u015blonych przypadkach lub og\u00f3lnie je wyklucza\u0142a i w\u0142\u0105cza\u0142a automatyczne usuwanie plik\u00f3w cookie, gdy przegl\u0105darka zostaje zamkni\u0119ta. Je\u015bli pliki cookie s\u0105 wy\u0142\u0105czone, funkcjonalno\u015b\u0107 tej strony internetowej mo\u017ce zosta\u0107 ograniczona.<\/p>\n<p><b>9. Server-Log-Files &#8211; pliki dziennika serwera<br \/>\n<\/b>W celu optymalizacji tej strony internetowej pod wzgl\u0119dem wydajno\u015bci systemu, \u0142atwo\u015bci obs\u0142ugi i dostarczania u\u017cytecznych informacji o naszych us\u0142ugach, dostawca strony internetowej automatycznie gromadzi i przechowuje informacje w tzw. plikach dziennika serwera, kt\u00f3re s\u0105 automatycznie przesy\u0142ane do nas przez przegl\u0105dark\u0119 u\u017cytkownika. Zawieraj\u0105 one Pa\u0144stwa adres protoko\u0142u internetowego (adres IP), przegl\u0105dark\u0119 i ustawienia j\u0119zykowe, system operacyjny, adres URL strony przekierowuj\u0105cej, dostawc\u0119 us\u0142ug internetowych oraz dat\u0119\/godzin\u0119.<br \/>\nDane te nie b\u0119d\u0105 \u0142\u0105czone ze \u017ar\u00f3d\u0142ami danych osobowych. W przypadku stwierdzenia konkretnych oznak nielegalnego wykorzystania tych danych zastrzegamy sobie prawo do ich p\u00f3\u017aniejszego sprawdzenia.<\/p>\n<p><b>10. Korzystanie z Google Maps<br \/>\n<\/b>Ta strona internetowa wykorzystuje Google Maps, aby wskaza\u0107 nasz adres i umo\u017cliwi\u0107 zaplanowanie trasy do naszego biura. Google Maps jest obs\u0142ugiwane przez Google LLC, 1600 Amphitheatre Parkway, Mountain View, CA 94043, USA. Korzystaj\u0105c z naszej strony internetowej, wyra\u017caj\u0105 Pa\u0144stwo zgod\u0119 na gromadzenie i wykorzystywanie przez Google automatycznie zebranych i wprowadzonych przez Pa\u0144stwa danych. Warunki korzystania z Google Maps oraz bardziej szczeg\u00f3\u0142owe informacje na temat korzystania z danych przez Google mo\u017cna znale\u017a\u0107 na stronie privacy.google.com.<\/p>\n<p><b>11. Nasze dane kontaktowe<br \/>\n<\/b>Ochrona Pa\u0144stwa danych osobowych ma dla nas szczeg\u00f3lne znaczenie. W ka\u017cdej chwili mo\u017cecie Pa\u0144stwo przes\u0142a\u0107 nam swoje pytania i wnioski o wycofanie zgody na podany poni\u017cej adres kontaktowy:<br \/>\nDr Elisabeth Weichselberger-Chlap, office@legalpartners.at, Reischergasse 7, 1130 Wiede\u0144, Austria.<\/p>\n\t\t\t\t\t\t\t\t<\/div>\n\t\t\t\t\t<\/div>\n\t\t<\/div>\n\t\t\t\t\t<\/div>\n\t\t<\/section>\n\t\t\t\t<section class=\"elementor-section elementor-top-section elementor-element elementor-element-f9a4a59 elementor-section-boxed elementor-section-height-default elementor-section-height-default\" data-id=\"f9a4a59\" data-element_type=\"section\">\n\t\t\t\t\t\t<div class=\"elementor-container elementor-column-gap-default\">\n\t\t\t\t\t<div class=\"elementor-column elementor-col-100 elementor-top-column elementor-element elementor-element-c56e3b7\" data-id=\"c56e3b7\" data-element_type=\"column\">\n\t\t\t<div class=\"elementor-widget-wrap elementor-element-populated\">\n\t\t\t\t\t\t<div class=\"elementor-element elementor-element-0157010 elementor-widget elementor-widget-spacer\" data-id=\"0157010\" data-element_type=\"widget\" data-widget_type=\"spacer.default\">\n\t\t\t\t\t\t\t<div class=\"elementor-spacer\">\n\t\t\t<div class=\"elementor-spacer-inner\"><\/div>\n\t\t<\/div>\n\t\t\t\t\t\t<\/div>\n\t\t\t\t\t<\/div>\n\t\t<\/div>\n\t\t\t\t\t<\/div>\n\t\t<\/section>\n\t\t\t\t<\/div>\n\t\t","protected":false},"excerpt":{"rendered":"<p>O\u015bwiadczenie o ochronie danych osobowych 1. Dane osobowe My, LEGALPARTNERS kancelaria adwokacka, Dr. Elisabeth Weichselberger-Chlap, MA, MBA, zbieramy, przetwarzamy i wykorzystujemy Pa\u0144stwa dane osobowe wy\u0142\u0105cznie za Pa\u0144stwa zgod\u0105, upowa\u017cnieniem lub nakazem do cel\u00f3w uzgodnionych z Pa\u0144stwem lub je\u017celi istnieje jakakolwiek inna podstawa prawna zgodnie z RODO; jak i zgodnie z przepisami dotycz\u0105cymi ochrony danych osobowych [&hellip;]<\/p>\n","protected":false},"author":1,"featured_media":0,"parent":0,"menu_order":0,"comment_status":"closed","ping_status":"closed","template":"","meta":{"ocean_post_layout":"","ocean_both_sidebars_style":"","ocean_both_sidebars_content_width":0,"ocean_both_sidebars_sidebars_width":0,"ocean_sidebar":"0","ocean_second_sidebar":"0","ocean_disable_margins":"on","ocean_add_body_class":"","ocean_shortcode_before_top_bar":"","ocean_shortcode_after_top_bar":"","ocean_shortcode_before_header":"","ocean_shortcode_after_header":"","ocean_has_shortcode":"","ocean_shortcode_after_title":"","ocean_shortcode_before_footer_widgets":"","ocean_shortcode_after_footer_widgets":"","ocean_shortcode_before_footer_bottom":"","ocean_shortcode_after_footer_bottom":"","ocean_display_top_bar":"default","ocean_display_header":"default","ocean_header_style":"","ocean_center_header_left_menu":"0","ocean_custom_header_template":"0","ocean_custom_logo":0,"ocean_custom_retina_logo":0,"ocean_custom_logo_max_width":0,"ocean_custom_logo_tablet_max_width":0,"ocean_custom_logo_mobile_max_width":0,"ocean_custom_logo_max_height":0,"ocean_custom_logo_tablet_max_height":0,"ocean_custom_logo_mobile_max_height":0,"ocean_header_custom_menu":"0","ocean_menu_typo_font_family":"0","ocean_menu_typo_font_subset":"","ocean_menu_typo_font_size":0,"ocean_menu_typo_font_size_tablet":0,"ocean_menu_typo_font_size_mobile":0,"ocean_menu_typo_font_size_unit":"px","ocean_menu_typo_font_weight":"","ocean_menu_typo_font_weight_tablet":"","ocean_menu_typo_font_weight_mobile":"","ocean_menu_typo_transform":"","ocean_menu_typo_transform_tablet":"","ocean_menu_typo_transform_mobile":"","ocean_menu_typo_line_height":0,"ocean_menu_typo_line_height_tablet":0,"ocean_menu_typo_line_height_mobile":0,"ocean_menu_typo_line_height_unit":"","ocean_menu_typo_spacing":0,"ocean_menu_typo_spacing_tablet":0,"ocean_menu_typo_spacing_mobile":0,"ocean_menu_typo_spacing_unit":"","ocean_menu_link_color":"","ocean_menu_link_color_hover":"","ocean_menu_link_color_active":"","ocean_menu_link_background":"","ocean_menu_link_hover_background":"","ocean_menu_link_active_background":"","ocean_menu_social_links_bg":"","ocean_menu_social_hover_links_bg":"","ocean_menu_social_links_color":"","ocean_menu_social_hover_links_color":"","ocean_disable_title":"default","ocean_disable_heading":"default","ocean_post_title":"","ocean_post_subheading":"","ocean_post_title_style":"","ocean_post_title_background_color":"","ocean_post_title_background":0,"ocean_post_title_bg_image_position":"","ocean_post_title_bg_image_attachment":"","ocean_post_title_bg_image_repeat":"","ocean_post_title_bg_image_size":"","ocean_post_title_height":0,"ocean_post_title_bg_overlay":0.5,"ocean_post_title_bg_overlay_color":"","ocean_disable_breadcrumbs":"default","ocean_breadcrumbs_color":"","ocean_breadcrumbs_separator_color":"","ocean_breadcrumbs_links_color":"","ocean_breadcrumbs_links_hover_color":"","ocean_display_footer_widgets":"default","ocean_display_footer_bottom":"default","ocean_custom_footer_template":"0","footnotes":""},"class_list":["post-679","page","type-page","status-publish","hentry","entry"],"yoast_head":"<!-- This site is optimized with the Yoast SEO plugin v26.8 - https:\/\/yoast.com\/product\/yoast-seo-wordpress\/ -->\n<title>O\u015bwiadczenie o ochronie danych osobowych - LEGALPARTNERS<\/title>\n<meta name=\"robots\" content=\"noindex, nofollow\" \/>\n<meta property=\"og:locale\" content=\"pl_PL\" \/>\n<meta property=\"og:type\" content=\"article\" \/>\n<meta property=\"og:title\" content=\"O\u015bwiadczenie o ochronie danych osobowych - LEGALPARTNERS\" \/>\n<meta property=\"og:description\" content=\"O\u015bwiadczenie o ochronie danych osobowych 1. Dane osobowe My, LEGALPARTNERS kancelaria adwokacka, Dr. Elisabeth Weichselberger-Chlap, MA, MBA, zbieramy, przetwarzamy i wykorzystujemy Pa\u0144stwa dane osobowe wy\u0142\u0105cznie za Pa\u0144stwa zgod\u0105, upowa\u017cnieniem lub nakazem do cel\u00f3w uzgodnionych z Pa\u0144stwem lub je\u017celi istnieje jakakolwiek inna podstawa prawna zgodnie z RODO; jak i zgodnie z przepisami dotycz\u0105cymi ochrony danych osobowych [&hellip;]\" \/>\n<meta property=\"og:url\" content=\"https:\/\/legalpartners.at\/pl\/politykaprywatnosci\/\" \/>\n<meta property=\"og:site_name\" content=\"LEGALPARTNERS\" \/>\n<meta property=\"article:modified_time\" content=\"2019-09-22T19:09:09+00:00\" \/>\n<meta name=\"twitter:card\" content=\"summary_large_image\" \/>\n<meta name=\"twitter:label1\" content=\"Szacowany czas czytania\" \/>\n\t<meta name=\"twitter:data1\" content=\"7 minut\" \/>\n<script type=\"application\/ld+json\" class=\"yoast-schema-graph\">{\"@context\":\"https:\/\/schema.org\",\"@graph\":[{\"@type\":\"WebPage\",\"@id\":\"https:\/\/legalpartners.at\/pl\/politykaprywatnosci\/\",\"url\":\"https:\/\/legalpartners.at\/pl\/politykaprywatnosci\/\",\"name\":\"O\u015bwiadczenie o ochronie danych osobowych - LEGALPARTNERS\",\"isPartOf\":{\"@id\":\"https:\/\/legalpartners.at\/pl\/#website\"},\"datePublished\":\"2019-07-25T20:41:51+00:00\",\"dateModified\":\"2019-09-22T19:09:09+00:00\",\"breadcrumb\":{\"@id\":\"https:\/\/legalpartners.at\/pl\/politykaprywatnosci\/#breadcrumb\"},\"inLanguage\":\"pl-PL\",\"potentialAction\":[{\"@type\":\"ReadAction\",\"target\":[\"https:\/\/legalpartners.at\/pl\/politykaprywatnosci\/\"]}]},{\"@type\":\"BreadcrumbList\",\"@id\":\"https:\/\/legalpartners.at\/pl\/politykaprywatnosci\/#breadcrumb\",\"itemListElement\":[{\"@type\":\"ListItem\",\"position\":1,\"name\":\"Startseite\",\"item\":\"https:\/\/legalpartners.at\/pl\/\"},{\"@type\":\"ListItem\",\"position\":2,\"name\":\"O\u015bwiadczenie o ochronie danych osobowych\"}]},{\"@type\":\"WebSite\",\"@id\":\"https:\/\/legalpartners.at\/pl\/#website\",\"url\":\"https:\/\/legalpartners.at\/pl\/\",\"name\":\"LEGALPARTNERS\",\"description\":\"Rechtsanwaltskanzlei Wien\",\"publisher\":{\"@id\":\"https:\/\/legalpartners.at\/pl\/#organization\"},\"potentialAction\":[{\"@type\":\"SearchAction\",\"target\":{\"@type\":\"EntryPoint\",\"urlTemplate\":\"https:\/\/legalpartners.at\/pl\/?s={search_term_string}\"},\"query-input\":{\"@type\":\"PropertyValueSpecification\",\"valueRequired\":true,\"valueName\":\"search_term_string\"}}],\"inLanguage\":\"pl-PL\"},{\"@type\":\"Organization\",\"@id\":\"https:\/\/legalpartners.at\/pl\/#organization\",\"name\":\"LEGALPARTNERS\",\"url\":\"https:\/\/legalpartners.at\/pl\/\",\"logo\":{\"@type\":\"ImageObject\",\"inLanguage\":\"pl-PL\",\"@id\":\"https:\/\/legalpartners.at\/pl\/#\/schema\/logo\/image\/\",\"url\":\"https:\/\/legalpartners.at\/wp-content\/uploads\/2019\/06\/LegalPartners_LOGO_RGB_300-1.jpg\",\"contentUrl\":\"https:\/\/legalpartners.at\/wp-content\/uploads\/2019\/06\/LegalPartners_LOGO_RGB_300-1.jpg\",\"width\":300,\"height\":89,\"caption\":\"LEGALPARTNERS\"},\"image\":{\"@id\":\"https:\/\/legalpartners.at\/pl\/#\/schema\/logo\/image\/\"}}]}<\/script>\n<!-- \/ Yoast SEO plugin. -->","yoast_head_json":{"title":"O\u015bwiadczenie o ochronie danych osobowych - LEGALPARTNERS","robots":{"index":"noindex","follow":"nofollow"},"og_locale":"pl_PL","og_type":"article","og_title":"O\u015bwiadczenie o ochronie danych osobowych - LEGALPARTNERS","og_description":"O\u015bwiadczenie o ochronie danych osobowych 1. Dane osobowe My, LEGALPARTNERS kancelaria adwokacka, Dr. Elisabeth Weichselberger-Chlap, MA, MBA, zbieramy, przetwarzamy i wykorzystujemy Pa\u0144stwa dane osobowe wy\u0142\u0105cznie za Pa\u0144stwa zgod\u0105, upowa\u017cnieniem lub nakazem do cel\u00f3w uzgodnionych z Pa\u0144stwem lub je\u017celi istnieje jakakolwiek inna podstawa prawna zgodnie z RODO; jak i zgodnie z przepisami dotycz\u0105cymi ochrony danych osobowych [&hellip;]","og_url":"https:\/\/legalpartners.at\/pl\/politykaprywatnosci\/","og_site_name":"LEGALPARTNERS","article_modified_time":"2019-09-22T19:09:09+00:00","twitter_card":"summary_large_image","twitter_misc":{"Szacowany czas czytania":"7 minut"},"schema":{"@context":"https:\/\/schema.org","@graph":[{"@type":"WebPage","@id":"https:\/\/legalpartners.at\/pl\/politykaprywatnosci\/","url":"https:\/\/legalpartners.at\/pl\/politykaprywatnosci\/","name":"O\u015bwiadczenie o ochronie danych osobowych - LEGALPARTNERS","isPartOf":{"@id":"https:\/\/legalpartners.at\/pl\/#website"},"datePublished":"2019-07-25T20:41:51+00:00","dateModified":"2019-09-22T19:09:09+00:00","breadcrumb":{"@id":"https:\/\/legalpartners.at\/pl\/politykaprywatnosci\/#breadcrumb"},"inLanguage":"pl-PL","potentialAction":[{"@type":"ReadAction","target":["https:\/\/legalpartners.at\/pl\/politykaprywatnosci\/"]}]},{"@type":"BreadcrumbList","@id":"https:\/\/legalpartners.at\/pl\/politykaprywatnosci\/#breadcrumb","itemListElement":[{"@type":"ListItem","position":1,"name":"Startseite","item":"https:\/\/legalpartners.at\/pl\/"},{"@type":"ListItem","position":2,"name":"O\u015bwiadczenie o ochronie danych osobowych"}]},{"@type":"WebSite","@id":"https:\/\/legalpartners.at\/pl\/#website","url":"https:\/\/legalpartners.at\/pl\/","name":"LEGALPARTNERS","description":"Rechtsanwaltskanzlei Wien","publisher":{"@id":"https:\/\/legalpartners.at\/pl\/#organization"},"potentialAction":[{"@type":"SearchAction","target":{"@type":"EntryPoint","urlTemplate":"https:\/\/legalpartners.at\/pl\/?s={search_term_string}"},"query-input":{"@type":"PropertyValueSpecification","valueRequired":true,"valueName":"search_term_string"}}],"inLanguage":"pl-PL"},{"@type":"Organization","@id":"https:\/\/legalpartners.at\/pl\/#organization","name":"LEGALPARTNERS","url":"https:\/\/legalpartners.at\/pl\/","logo":{"@type":"ImageObject","inLanguage":"pl-PL","@id":"https:\/\/legalpartners.at\/pl\/#\/schema\/logo\/image\/","url":"https:\/\/legalpartners.at\/wp-content\/uploads\/2019\/06\/LegalPartners_LOGO_RGB_300-1.jpg","contentUrl":"https:\/\/legalpartners.at\/wp-content\/uploads\/2019\/06\/LegalPartners_LOGO_RGB_300-1.jpg","width":300,"height":89,"caption":"LEGALPARTNERS"},"image":{"@id":"https:\/\/legalpartners.at\/pl\/#\/schema\/logo\/image\/"}}]}},"_links":{"self":[{"href":"https:\/\/legalpartners.at\/pl\/wp-json\/wp\/v2\/pages\/679","targetHints":{"allow":["GET"]}}],"collection":[{"href":"https:\/\/legalpartners.at\/pl\/wp-json\/wp\/v2\/pages"}],"about":[{"href":"https:\/\/legalpartners.at\/pl\/wp-json\/wp\/v2\/types\/page"}],"author":[{"embeddable":true,"href":"https:\/\/legalpartners.at\/pl\/wp-json\/wp\/v2\/users\/1"}],"replies":[{"embeddable":true,"href":"https:\/\/legalpartners.at\/pl\/wp-json\/wp\/v2\/comments?post=679"}],"version-history":[{"count":5,"href":"https:\/\/legalpartners.at\/pl\/wp-json\/wp\/v2\/pages\/679\/revisions"}],"predecessor-version":[{"id":1112,"href":"https:\/\/legalpartners.at\/pl\/wp-json\/wp\/v2\/pages\/679\/revisions\/1112"}],"wp:attachment":[{"href":"https:\/\/legalpartners.at\/pl\/wp-json\/wp\/v2\/media?parent=679"}],"curies":[{"name":"wp","href":"https:\/\/api.w.org\/{rel}","templated":true}]}}