{"id":685,"date":"2019-07-25T22:43:30","date_gmt":"2019-07-25T20:43:30","guid":{"rendered":"https:\/\/legalpartners.at\/impressum\/"},"modified":"2019-08-16T23:35:43","modified_gmt":"2019-08-16T21:35:43","slug":"impressum","status":"publish","type":"page","link":"https:\/\/legalpartners.at\/pl\/impressum\/","title":{"rendered":"Impressum"},"content":{"rendered":"\t\t<div data-elementor-type=\"wp-post\" data-elementor-id=\"685\" class=\"elementor elementor-685 elementor-14\" data-elementor-post-type=\"page\">\n\t\t\t\t\t\t<section class=\"elementor-section elementor-top-section elementor-element elementor-element-46fd4ec elementor-section-boxed elementor-section-height-default elementor-section-height-default\" data-id=\"46fd4ec\" data-element_type=\"section\">\n\t\t\t\t\t\t<div class=\"elementor-container elementor-column-gap-default\">\n\t\t\t\t\t<div class=\"elementor-column elementor-col-100 elementor-top-column elementor-element elementor-element-8883647\" data-id=\"8883647\" data-element_type=\"column\">\n\t\t\t<div class=\"elementor-widget-wrap elementor-element-populated\">\n\t\t\t\t\t\t<div class=\"elementor-element elementor-element-af6c469 elementor-widget elementor-widget-spacer\" data-id=\"af6c469\" data-element_type=\"widget\" data-widget_type=\"spacer.default\">\n\t\t\t\t\t\t\t<div class=\"elementor-spacer\">\n\t\t\t<div class=\"elementor-spacer-inner\"><\/div>\n\t\t<\/div>\n\t\t\t\t\t\t<\/div>\n\t\t\t\t\t<\/div>\n\t\t<\/div>\n\t\t\t\t\t<\/div>\n\t\t<\/section>\n\t\t\t\t<section class=\"elementor-section elementor-top-section elementor-element elementor-element-94d20cb elementor-section-boxed elementor-section-height-default elementor-section-height-default\" data-id=\"94d20cb\" data-element_type=\"section\">\n\t\t\t\t\t\t<div class=\"elementor-container elementor-column-gap-default\">\n\t\t\t\t\t<div class=\"elementor-column elementor-col-100 elementor-top-column elementor-element elementor-element-da8a9d0\" data-id=\"da8a9d0\" data-element_type=\"column\">\n\t\t\t<div class=\"elementor-widget-wrap elementor-element-populated\">\n\t\t\t\t\t\t<div class=\"elementor-element elementor-element-a3ada5d elementor-widget elementor-widget-heading\" data-id=\"a3ada5d\" data-element_type=\"widget\" data-widget_type=\"heading.default\">\n\t\t\t\t\t<h2 class=\"elementor-heading-title elementor-size-default\">Impressum<\/h2>\t\t\t\t<\/div>\n\t\t\t\t\t<\/div>\n\t\t<\/div>\n\t\t\t\t\t<\/div>\n\t\t<\/section>\n\t\t\t\t<section class=\"elementor-section elementor-top-section elementor-element elementor-element-429248a elementor-section-boxed elementor-section-height-default elementor-section-height-default\" data-id=\"429248a\" data-element_type=\"section\" data-settings=\"{&quot;background_background&quot;:&quot;classic&quot;}\">\n\t\t\t\t\t\t<div class=\"elementor-container elementor-column-gap-default\">\n\t\t\t\t\t<div class=\"elementor-column elementor-col-100 elementor-top-column elementor-element elementor-element-392b953\" data-id=\"392b953\" data-element_type=\"column\">\n\t\t\t<div class=\"elementor-widget-wrap elementor-element-populated\">\n\t\t\t\t\t\t<div class=\"elementor-element elementor-element-fa14c10 elementor-widget elementor-widget-text-editor\" data-id=\"fa14c10\" data-element_type=\"widget\" data-widget_type=\"text-editor.default\">\n\t\t\t\t\t\t\t\t\t<p><b>Kontakt z w\u0142a\u015bcicielem medi\u00f3w<br \/>\n<\/b>Dr. Elisabeth Weichselberger-Chlap, MA, MBA<br \/>\n<span style=\"font-size: 14px;\">Adwokat<br \/>\nReischergasse 7, 1130 Wiede\u0144, Austria<br \/>\nT: +43 664 916 26 00<br \/>\nE: <a href=\"mailto:office@legalpartners.at\" target=\"_blank\" rel=\"noopener\">office@legalpartners.at<\/a><br \/>\nW: <a href=\"https:\/\/legalpartners.at\/\">www.legalpartners.at<\/a><\/span><\/p>\n<p><b>W\u0142a\u015bciwo\u015b\u0107 miejscowa s\u0105du<br \/>\n<\/b>Wiede\u0144<\/p>\n<p><b>Przynale\u017cno\u015b\u0107 do Izby<br \/>\n<\/b>Wiede\u0144skia Izba Adwokacka &#8211; Rechtsanwaltskammer Wien<br \/>\nRA-Code: R155849<\/p>\n<p><b>Przepisy dotycz\u0105ce wykonywania zawodu<br \/>\n<\/b>Adwokaci posiadaj\u0105cy licencj\u0119 Wiede\u0144skiej Izby Adwokackiej podlegaj\u0105 nadzorowi Wiede\u0144skiej Izby Adwokackiej oraz obowi\u0105zuj\u0105cym przepisom dotycz\u0105cym wykonywania zawodu, tj. w szczeg\u00f3lno\u015bci Austriackiej ustawy o adwokaturze (Rechtsanwaltsordnung, RAO), Austriackiego statutu dyscyplinarnego (Disziplinarstatut, DSt) oraz Austriackiej dyrektywy o wykonywaniu zawodu (Richtlinien \u00fcber die Berufsaus\u00fcbung, RL-BA), dost\u0119pnym na stronach www.ris.bka.gv.at oraz www.oerak.at<\/p>\n<p><b>Numer identyfikacyjny podatku od towar\u00f3w i us\u0142ug (VAT)<br \/>\n<\/b>ATU61687437<\/p>\n<p><strong>Operator witryny internetowej<br \/>\n<\/strong><a href=\"http:\/\/www.the-summiteers.com\" target=\"_blank\" rel=\"noopener\">The Summiteers Creative Communication<\/a><\/p>\n<p><strong><strong>Ilustracje \/ Prawa autorskie<br \/>\n<\/strong><\/strong>Zdj\u0119cie nr: 271963760 mRGB\/Shutterstock<br \/>\nZdj\u0119cie nr: 734826316 novama\/Shutterstock<br \/>\nZdj\u0119cie portretowe dr Weichselberger-Chlap: \u00a9 LP\/S.Klimpt<br \/>\nZdj\u0119cia portretowe Mag. K\u00f6nigstorfer, Pani Kijek: \u00a9: LP\/O. Bolch<\/p>\n<p><strong>Disclaimer<\/strong><br \/>\n<strong>Wy\u0142\u0105czenie odpowiedzialno\u015bci dotycz\u0105cej tre\u015bci<\/strong><br \/>\nPomimo zachowanej najwy\u017cszej staranno\u015bci nie mo\u017cemy przej\u0105\u0107 \u017cadnej odpowiedzialno\u015bci za prawid\u0142owo\u015b\u0107, kompletno\u015b\u0107 i aktualno\u015b\u0107 tre\u015bci zawartych na stronie internetowej. W szczeg\u00f3lno\u015bci nie mo\u017cemy przej\u0105\u0107 \u017cadnej odpowiedzialno\u015bci za jakiekolwiek roszczenia wszelkiego rodzaju i natury, kt\u00f3re mog\u0105 powsta\u0107 w zwi\u0105zku z korzystaniem z tej strony internetowej i zawartych w niej informacji. Zastrzegamy sobie prawo do wprowadzania zmian w dowolnym momencie. Tre\u015bci maj\u0105 charakter wy\u0142\u0105cznie informacyjny i nie zast\u0119puj\u0105 porad prawnych!<\/p>\n<p><strong>Odpowiedzialno\u015b\u0107 za linki internetowe<\/strong><br \/>\nNie ponosimy odpowiedzialno\u015bci za tre\u015b\u0107 stron, do kt\u00f3rych prowadz\u0105 linki internetowe.<\/p>\n<p><strong>Prawa autorskie<\/strong><br \/>\nWszystkie tre\u015bci, teksty, zdj\u0119cia i wzory na naszych stronach podlegaj\u0105 prawom autorskim. Jakiekolwiek (r\u00f3wnie\u017c cz\u0119\u015bciowe) wykorzystanie, w szczeg\u00f3lno\u015bci powielanie, dystrybucja oraz t\u0142umaczenie jest zastrze\u017cone i wymaga naszej wyra\u017anej pisemnej zgody. Dozwolone jest jedynie korzystanie w ramach swobodnego korzystania z utwor\u00f3w UrhG, a w szczeg\u00f3lno\u015bci wykorzystywanie ich do cel\u00f3w niekomercyjnych i osobistych.<\/p>\n\t\t\t\t\t\t\t\t<\/div>\n\t\t\t\t\t<\/div>\n\t\t<\/div>\n\t\t\t\t\t<\/div>\n\t\t<\/section>\n\t\t\t\t<section class=\"elementor-section elementor-top-section elementor-element elementor-element-9ce8ab9 elementor-section-boxed elementor-section-height-default elementor-section-height-default\" data-id=\"9ce8ab9\" data-element_type=\"section\">\n\t\t\t\t\t\t<div class=\"elementor-container elementor-column-gap-default\">\n\t\t\t\t\t<div class=\"elementor-column elementor-col-100 elementor-top-column elementor-element elementor-element-5a13d64\" data-id=\"5a13d64\" data-element_type=\"column\">\n\t\t\t<div class=\"elementor-widget-wrap elementor-element-populated\">\n\t\t\t\t\t\t<div class=\"elementor-element elementor-element-19ca5db elementor-widget elementor-widget-spacer\" data-id=\"19ca5db\" data-element_type=\"widget\" data-widget_type=\"spacer.default\">\n\t\t\t\t\t\t\t<div class=\"elementor-spacer\">\n\t\t\t<div class=\"elementor-spacer-inner\"><\/div>\n\t\t<\/div>\n\t\t\t\t\t\t<\/div>\n\t\t\t\t\t<\/div>\n\t\t<\/div>\n\t\t\t\t\t<\/div>\n\t\t<\/section>\n\t\t\t\t<\/div>\n\t\t","protected":false},"excerpt":{"rendered":"<p>Impressum Kontakt z w\u0142a\u015bcicielem medi\u00f3w Dr. Elisabeth Weichselberger-Chlap, MA, MBA Adwokat Reischergasse 7, 1130 Wiede\u0144, Austria T: +43 664 916 26 00 E: office@legalpartners.at W: www.legalpartners.at W\u0142a\u015bciwo\u015b\u0107 miejscowa s\u0105du Wiede\u0144 Przynale\u017cno\u015b\u0107 do Izby Wiede\u0144skia Izba Adwokacka &#8211; Rechtsanwaltskammer Wien RA-Code: R155849 Przepisy dotycz\u0105ce wykonywania zawodu Adwokaci posiadaj\u0105cy licencj\u0119 Wiede\u0144skiej Izby Adwokackiej podlegaj\u0105 nadzorowi Wiede\u0144skiej Izby [&hellip;]<\/p>\n","protected":false},"author":1,"featured_media":0,"parent":0,"menu_order":0,"comment_status":"closed","ping_status":"closed","template":"","meta":{"ocean_post_layout":"","ocean_both_sidebars_style":"","ocean_both_sidebars_content_width":0,"ocean_both_sidebars_sidebars_width":0,"ocean_sidebar":"0","ocean_second_sidebar":"0","ocean_disable_margins":"on","ocean_add_body_class":"","ocean_shortcode_before_top_bar":"","ocean_shortcode_after_top_bar":"","ocean_shortcode_before_header":"","ocean_shortcode_after_header":"","ocean_has_shortcode":"","ocean_shortcode_after_title":"","ocean_shortcode_before_footer_widgets":"","ocean_shortcode_after_footer_widgets":"","ocean_shortcode_before_footer_bottom":"","ocean_shortcode_after_footer_bottom":"","ocean_display_top_bar":"default","ocean_display_header":"default","ocean_header_style":"","ocean_center_header_left_menu":"0","ocean_custom_header_template":"0","ocean_custom_logo":0,"ocean_custom_retina_logo":0,"ocean_custom_logo_max_width":0,"ocean_custom_logo_tablet_max_width":0,"ocean_custom_logo_mobile_max_width":0,"ocean_custom_logo_max_height":0,"ocean_custom_logo_tablet_max_height":0,"ocean_custom_logo_mobile_max_height":0,"ocean_header_custom_menu":"0","ocean_menu_typo_font_family":"0","ocean_menu_typo_font_subset":"","ocean_menu_typo_font_size":0,"ocean_menu_typo_font_size_tablet":0,"ocean_menu_typo_font_size_mobile":0,"ocean_menu_typo_font_size_unit":"px","ocean_menu_typo_font_weight":"","ocean_menu_typo_font_weight_tablet":"","ocean_menu_typo_font_weight_mobile":"","ocean_menu_typo_transform":"","ocean_menu_typo_transform_tablet":"","ocean_menu_typo_transform_mobile":"","ocean_menu_typo_line_height":0,"ocean_menu_typo_line_height_tablet":0,"ocean_menu_typo_line_height_mobile":0,"ocean_menu_typo_line_height_unit":"","ocean_menu_typo_spacing":0,"ocean_menu_typo_spacing_tablet":0,"ocean_menu_typo_spacing_mobile":0,"ocean_menu_typo_spacing_unit":"","ocean_menu_link_color":"","ocean_menu_link_color_hover":"","ocean_menu_link_color_active":"","ocean_menu_link_background":"","ocean_menu_link_hover_background":"","ocean_menu_link_active_background":"","ocean_menu_social_links_bg":"","ocean_menu_social_hover_links_bg":"","ocean_menu_social_links_color":"","ocean_menu_social_hover_links_color":"","ocean_disable_title":"default","ocean_disable_heading":"default","ocean_post_title":"","ocean_post_subheading":"","ocean_post_title_style":"","ocean_post_title_background_color":"","ocean_post_title_background":0,"ocean_post_title_bg_image_position":"","ocean_post_title_bg_image_attachment":"","ocean_post_title_bg_image_repeat":"","ocean_post_title_bg_image_size":"","ocean_post_title_height":0,"ocean_post_title_bg_overlay":0.5,"ocean_post_title_bg_overlay_color":"","ocean_disable_breadcrumbs":"default","ocean_breadcrumbs_color":"","ocean_breadcrumbs_separator_color":"","ocean_breadcrumbs_links_color":"","ocean_breadcrumbs_links_hover_color":"","ocean_display_footer_widgets":"default","ocean_display_footer_bottom":"default","ocean_custom_footer_template":"0","footnotes":""},"class_list":["post-685","page","type-page","status-publish","hentry","entry"],"yoast_head":"<!-- This site is optimized with the Yoast SEO plugin v26.8 - https:\/\/yoast.com\/product\/yoast-seo-wordpress\/ -->\n<title>Impressum - LEGALPARTNERS<\/title>\n<meta name=\"robots\" content=\"noindex, nofollow\" \/>\n<meta property=\"og:locale\" content=\"pl_PL\" \/>\n<meta property=\"og:type\" content=\"article\" \/>\n<meta property=\"og:title\" content=\"Impressum - LEGALPARTNERS\" \/>\n<meta property=\"og:description\" content=\"Impressum Kontakt z w\u0142a\u015bcicielem medi\u00f3w Dr. Elisabeth Weichselberger-Chlap, MA, MBA Adwokat Reischergasse 7, 1130 Wiede\u0144, Austria T: +43 664 916 26 00 E: office@legalpartners.at W: www.legalpartners.at W\u0142a\u015bciwo\u015b\u0107 miejscowa s\u0105du Wiede\u0144 Przynale\u017cno\u015b\u0107 do Izby Wiede\u0144skia Izba Adwokacka &#8211; Rechtsanwaltskammer Wien RA-Code: R155849 Przepisy dotycz\u0105ce wykonywania zawodu Adwokaci posiadaj\u0105cy licencj\u0119 Wiede\u0144skiej Izby Adwokackiej podlegaj\u0105 nadzorowi Wiede\u0144skiej Izby [&hellip;]\" \/>\n<meta property=\"og:url\" content=\"https:\/\/legalpartners.at\/pl\/impressum\/\" \/>\n<meta property=\"og:site_name\" content=\"LEGALPARTNERS\" \/>\n<meta property=\"article:modified_time\" content=\"2019-08-16T21:35:43+00:00\" \/>\n<meta name=\"twitter:card\" content=\"summary_large_image\" \/>\n<meta name=\"twitter:label1\" content=\"Szacowany czas czytania\" \/>\n\t<meta name=\"twitter:data1\" content=\"2 minuty\" \/>\n<script type=\"application\/ld+json\" class=\"yoast-schema-graph\">{\"@context\":\"https:\/\/schema.org\",\"@graph\":[{\"@type\":\"WebPage\",\"@id\":\"https:\/\/legalpartners.at\/pl\/impressum\/\",\"url\":\"https:\/\/legalpartners.at\/pl\/impressum\/\",\"name\":\"Impressum - LEGALPARTNERS\",\"isPartOf\":{\"@id\":\"https:\/\/legalpartners.at\/pl\/#website\"},\"datePublished\":\"2019-07-25T20:43:30+00:00\",\"dateModified\":\"2019-08-16T21:35:43+00:00\",\"breadcrumb\":{\"@id\":\"https:\/\/legalpartners.at\/pl\/impressum\/#breadcrumb\"},\"inLanguage\":\"pl-PL\",\"potentialAction\":[{\"@type\":\"ReadAction\",\"target\":[\"https:\/\/legalpartners.at\/pl\/impressum\/\"]}]},{\"@type\":\"BreadcrumbList\",\"@id\":\"https:\/\/legalpartners.at\/pl\/impressum\/#breadcrumb\",\"itemListElement\":[{\"@type\":\"ListItem\",\"position\":1,\"name\":\"Startseite\",\"item\":\"https:\/\/legalpartners.at\/pl\/\"},{\"@type\":\"ListItem\",\"position\":2,\"name\":\"Impressum\"}]},{\"@type\":\"WebSite\",\"@id\":\"https:\/\/legalpartners.at\/pl\/#website\",\"url\":\"https:\/\/legalpartners.at\/pl\/\",\"name\":\"LEGALPARTNERS\",\"description\":\"Rechtsanwaltskanzlei Wien\",\"publisher\":{\"@id\":\"https:\/\/legalpartners.at\/pl\/#organization\"},\"potentialAction\":[{\"@type\":\"SearchAction\",\"target\":{\"@type\":\"EntryPoint\",\"urlTemplate\":\"https:\/\/legalpartners.at\/pl\/?s={search_term_string}\"},\"query-input\":{\"@type\":\"PropertyValueSpecification\",\"valueRequired\":true,\"valueName\":\"search_term_string\"}}],\"inLanguage\":\"pl-PL\"},{\"@type\":\"Organization\",\"@id\":\"https:\/\/legalpartners.at\/pl\/#organization\",\"name\":\"LEGALPARTNERS\",\"url\":\"https:\/\/legalpartners.at\/pl\/\",\"logo\":{\"@type\":\"ImageObject\",\"inLanguage\":\"pl-PL\",\"@id\":\"https:\/\/legalpartners.at\/pl\/#\/schema\/logo\/image\/\",\"url\":\"https:\/\/legalpartners.at\/wp-content\/uploads\/2019\/06\/LegalPartners_LOGO_RGB_300-1.jpg\",\"contentUrl\":\"https:\/\/legalpartners.at\/wp-content\/uploads\/2019\/06\/LegalPartners_LOGO_RGB_300-1.jpg\",\"width\":300,\"height\":89,\"caption\":\"LEGALPARTNERS\"},\"image\":{\"@id\":\"https:\/\/legalpartners.at\/pl\/#\/schema\/logo\/image\/\"}}]}<\/script>\n<!-- \/ Yoast SEO plugin. -->","yoast_head_json":{"title":"Impressum - LEGALPARTNERS","robots":{"index":"noindex","follow":"nofollow"},"og_locale":"pl_PL","og_type":"article","og_title":"Impressum - LEGALPARTNERS","og_description":"Impressum Kontakt z w\u0142a\u015bcicielem medi\u00f3w Dr. Elisabeth Weichselberger-Chlap, MA, MBA Adwokat Reischergasse 7, 1130 Wiede\u0144, Austria T: +43 664 916 26 00 E: office@legalpartners.at W: www.legalpartners.at W\u0142a\u015bciwo\u015b\u0107 miejscowa s\u0105du Wiede\u0144 Przynale\u017cno\u015b\u0107 do Izby Wiede\u0144skia Izba Adwokacka &#8211; Rechtsanwaltskammer Wien RA-Code: R155849 Przepisy dotycz\u0105ce wykonywania zawodu Adwokaci posiadaj\u0105cy licencj\u0119 Wiede\u0144skiej Izby Adwokackiej podlegaj\u0105 nadzorowi Wiede\u0144skiej Izby [&hellip;]","og_url":"https:\/\/legalpartners.at\/pl\/impressum\/","og_site_name":"LEGALPARTNERS","article_modified_time":"2019-08-16T21:35:43+00:00","twitter_card":"summary_large_image","twitter_misc":{"Szacowany czas czytania":"2 minuty"},"schema":{"@context":"https:\/\/schema.org","@graph":[{"@type":"WebPage","@id":"https:\/\/legalpartners.at\/pl\/impressum\/","url":"https:\/\/legalpartners.at\/pl\/impressum\/","name":"Impressum - LEGALPARTNERS","isPartOf":{"@id":"https:\/\/legalpartners.at\/pl\/#website"},"datePublished":"2019-07-25T20:43:30+00:00","dateModified":"2019-08-16T21:35:43+00:00","breadcrumb":{"@id":"https:\/\/legalpartners.at\/pl\/impressum\/#breadcrumb"},"inLanguage":"pl-PL","potentialAction":[{"@type":"ReadAction","target":["https:\/\/legalpartners.at\/pl\/impressum\/"]}]},{"@type":"BreadcrumbList","@id":"https:\/\/legalpartners.at\/pl\/impressum\/#breadcrumb","itemListElement":[{"@type":"ListItem","position":1,"name":"Startseite","item":"https:\/\/legalpartners.at\/pl\/"},{"@type":"ListItem","position":2,"name":"Impressum"}]},{"@type":"WebSite","@id":"https:\/\/legalpartners.at\/pl\/#website","url":"https:\/\/legalpartners.at\/pl\/","name":"LEGALPARTNERS","description":"Rechtsanwaltskanzlei Wien","publisher":{"@id":"https:\/\/legalpartners.at\/pl\/#organization"},"potentialAction":[{"@type":"SearchAction","target":{"@type":"EntryPoint","urlTemplate":"https:\/\/legalpartners.at\/pl\/?s={search_term_string}"},"query-input":{"@type":"PropertyValueSpecification","valueRequired":true,"valueName":"search_term_string"}}],"inLanguage":"pl-PL"},{"@type":"Organization","@id":"https:\/\/legalpartners.at\/pl\/#organization","name":"LEGALPARTNERS","url":"https:\/\/legalpartners.at\/pl\/","logo":{"@type":"ImageObject","inLanguage":"pl-PL","@id":"https:\/\/legalpartners.at\/pl\/#\/schema\/logo\/image\/","url":"https:\/\/legalpartners.at\/wp-content\/uploads\/2019\/06\/LegalPartners_LOGO_RGB_300-1.jpg","contentUrl":"https:\/\/legalpartners.at\/wp-content\/uploads\/2019\/06\/LegalPartners_LOGO_RGB_300-1.jpg","width":300,"height":89,"caption":"LEGALPARTNERS"},"image":{"@id":"https:\/\/legalpartners.at\/pl\/#\/schema\/logo\/image\/"}}]}},"_links":{"self":[{"href":"https:\/\/legalpartners.at\/pl\/wp-json\/wp\/v2\/pages\/685","targetHints":{"allow":["GET"]}}],"collection":[{"href":"https:\/\/legalpartners.at\/pl\/wp-json\/wp\/v2\/pages"}],"about":[{"href":"https:\/\/legalpartners.at\/pl\/wp-json\/wp\/v2\/types\/page"}],"author":[{"embeddable":true,"href":"https:\/\/legalpartners.at\/pl\/wp-json\/wp\/v2\/users\/1"}],"replies":[{"embeddable":true,"href":"https:\/\/legalpartners.at\/pl\/wp-json\/wp\/v2\/comments?post=685"}],"version-history":[{"count":7,"href":"https:\/\/legalpartners.at\/pl\/wp-json\/wp\/v2\/pages\/685\/revisions"}],"predecessor-version":[{"id":1231,"href":"https:\/\/legalpartners.at\/pl\/wp-json\/wp\/v2\/pages\/685\/revisions\/1231"}],"wp:attachment":[{"href":"https:\/\/legalpartners.at\/pl\/wp-json\/wp\/v2\/media?parent=685"}],"curies":[{"name":"wp","href":"https:\/\/api.w.org\/{rel}","templated":true}]}}