{"id":711,"date":"2019-07-26T16:39:14","date_gmt":"2019-07-26T14:39:14","guid":{"rendered":"https:\/\/legalpartners.at\/o-nas\/"},"modified":"2026-01-21T15:47:26","modified_gmt":"2026-01-21T14:47:26","slug":"onas","status":"publish","type":"page","link":"https:\/\/legalpartners.at\/pl\/onas\/","title":{"rendered":"O nas"},"content":{"rendered":"\t\t<div data-elementor-type=\"wp-post\" data-elementor-id=\"711\" class=\"elementor elementor-711 elementor-26\" data-elementor-post-type=\"page\">\n\t\t\t\t\t\t<section class=\"elementor-section elementor-top-section elementor-element elementor-element-1fd59c4 elementor-section-height-min-height elementor-section-content-middle elementor-section-stretched elementor-section-boxed elementor-section-height-default elementor-section-items-middle\" data-id=\"1fd59c4\" data-element_type=\"section\" data-settings=\"{&quot;background_background&quot;:&quot;classic&quot;,&quot;background_motion_fx_motion_fx_scrolling&quot;:&quot;yes&quot;,&quot;background_motion_fx_translateY_effect&quot;:&quot;yes&quot;,&quot;background_motion_fx_translateY_direction&quot;:&quot;negative&quot;,&quot;stretch_section&quot;:&quot;section-stretched&quot;,&quot;background_motion_fx_translateY_speed&quot;:{&quot;unit&quot;:&quot;px&quot;,&quot;size&quot;:4,&quot;sizes&quot;:[]},&quot;background_motion_fx_translateY_affectedRange&quot;:{&quot;unit&quot;:&quot;%&quot;,&quot;size&quot;:&quot;&quot;,&quot;sizes&quot;:{&quot;start&quot;:0,&quot;end&quot;:100}},&quot;background_motion_fx_devices&quot;:[&quot;widescreen&quot;,&quot;desktop&quot;,&quot;laptop&quot;,&quot;tablet_extra&quot;,&quot;tablet&quot;,&quot;mobile_extra&quot;,&quot;mobile&quot;]}\">\n\t\t\t\t\t\t\t<div class=\"elementor-background-overlay\"><\/div>\n\t\t\t\t\t\t\t<div class=\"elementor-container elementor-column-gap-narrow\">\n\t\t\t\t\t<div class=\"elementor-column elementor-col-50 elementor-top-column elementor-element elementor-element-0c665e7\" data-id=\"0c665e7\" data-element_type=\"column\" data-settings=\"{&quot;background_background&quot;:&quot;classic&quot;}\">\n\t\t\t<div class=\"elementor-widget-wrap elementor-element-populated\">\n\t\t\t\t\t\t<div class=\"elementor-element elementor-element-9ff06db elementor-widget elementor-widget-heading\" data-id=\"9ff06db\" data-element_type=\"widget\" data-widget_type=\"heading.default\">\n\t\t\t\t\t<h2 class=\"elementor-heading-title elementor-size-xl\">Nasza kancelaria adwokacka<\/h2>\t\t\t\t<\/div>\n\t\t\t\t\t<\/div>\n\t\t<\/div>\n\t\t\t\t<div class=\"elementor-column elementor-col-50 elementor-top-column elementor-element elementor-element-6062f48 elementor-invisible\" data-id=\"6062f48\" data-element_type=\"column\" data-settings=\"{&quot;background_background&quot;:&quot;classic&quot;,&quot;animation&quot;:&quot;zoomIn&quot;,&quot;animation_mobile&quot;:&quot;none&quot;,&quot;animation_delay&quot;:1000}\">\n\t\t\t<div class=\"elementor-widget-wrap elementor-element-populated\">\n\t\t\t\t\t\t<div class=\"elementor-element elementor-element-5d9e593 elementor-widget elementor-widget-heading\" data-id=\"5d9e593\" data-element_type=\"widget\" data-widget_type=\"heading.default\">\n\t\t\t\t\t<h2 class=\"elementor-heading-title elementor-size-xl\">to Pa\u0144stwa niezawodny partner<\/h2>\t\t\t\t<\/div>\n\t\t\t\t\t<\/div>\n\t\t<\/div>\n\t\t\t\t\t<\/div>\n\t\t<\/section>\n\t\t\t\t<section class=\"elementor-section elementor-top-section elementor-element elementor-element-f5c995f elementor-section-height-min-height elementor-section-boxed elementor-section-height-default elementor-section-items-middle\" data-id=\"f5c995f\" data-element_type=\"section\">\n\t\t\t\t\t\t<div class=\"elementor-container elementor-column-gap-default\">\n\t\t\t\t\t<div class=\"elementor-column elementor-col-100 elementor-top-column elementor-element elementor-element-2f16f0b\" data-id=\"2f16f0b\" data-element_type=\"column\">\n\t\t\t<div class=\"elementor-widget-wrap elementor-element-populated\">\n\t\t\t\t\t\t<div class=\"elementor-element elementor-element-04b4bdb elementor-widget elementor-widget-text-editor\" data-id=\"04b4bdb\" data-element_type=\"widget\" data-widget_type=\"text-editor.default\">\n\t\t\t\t\t\t\t\t\t<p style=\"text-align: center;\">Kancelaria adwokacka <strong>LEGAL<\/strong>PARTNERS zosta\u0142a za\u0142o\u017cona przez <a href=\"https:\/\/legalpartners.at\/pl\/naszzespol\/\"><b>dr. Elisabeth Weichselberger-Chlap<\/b><\/a> i d\u0105\u017cy w swojej dzia\u0142alno\u015bci do znalezienia skutecznych, praktycznych rozwi\u0105za\u0144 Pa\u0144stwa problem\u00f3w poprzez porady bezpo\u015brednie i we wsp\u00f3\u0142pracy z szerok\u0105 sieci\u0105 partner\u00f3w prawnych w Austrii i Polsce.<\/p>\n\t\t\t\t\t\t\t\t<\/div>\n\t\t\t\t\t<\/div>\n\t\t<\/div>\n\t\t\t\t\t<\/div>\n\t\t<\/section>\n\t\t\t\t<section class=\"elementor-section elementor-top-section elementor-element elementor-element-11fda6f elementor-section-boxed elementor-section-height-default elementor-section-height-default\" data-id=\"11fda6f\" data-element_type=\"section\">\n\t\t\t\t\t\t<div class=\"elementor-container elementor-column-gap-wide\">\n\t\t\t\t\t<div class=\"elementor-column elementor-col-100 elementor-top-column elementor-element elementor-element-4922cae\" data-id=\"4922cae\" data-element_type=\"column\">\n\t\t\t<div class=\"elementor-widget-wrap elementor-element-populated\">\n\t\t\t\t\t\t<div class=\"elementor-element elementor-element-15ad337 elementor-view-default elementor-widget elementor-widget-icon\" data-id=\"15ad337\" data-element_type=\"widget\" data-widget_type=\"icon.default\">\n\t\t\t\t\t\t\t<div class=\"elementor-icon-wrapper\">\n\t\t\t<div class=\"elementor-icon\">\n\t\t\t\t\t\t\t<i class=\"fa fa-street-view\" aria-hidden=\"true\"><\/i>\n\t\t\t\t\t\t<\/div>\n\t\t<\/div>\n\t\t\t\t\t\t<\/div>\n\t\t\t\t<div class=\"elementor-element elementor-element-1264389 elementor-widget elementor-widget-heading\" data-id=\"1264389\" data-element_type=\"widget\" data-widget_type=\"heading.default\">\n\t\t\t\t\t<h2 class=\"elementor-heading-title elementor-size-default\">Nasze cele<\/h2>\t\t\t\t<\/div>\n\t\t\t\t\t<\/div>\n\t\t<\/div>\n\t\t\t\t\t<\/div>\n\t\t<\/section>\n\t\t\t\t<section class=\"elementor-section elementor-top-section elementor-element elementor-element-d8a6f01 elementor-section-boxed elementor-section-height-default elementor-section-height-default\" data-id=\"d8a6f01\" data-element_type=\"section\">\n\t\t\t\t\t\t<div class=\"elementor-container elementor-column-gap-wide\">\n\t\t\t\t\t<div class=\"elementor-column elementor-col-100 elementor-top-column elementor-element elementor-element-c22e398\" data-id=\"c22e398\" data-element_type=\"column\">\n\t\t\t<div class=\"elementor-widget-wrap elementor-element-populated\">\n\t\t\t\t\t\t<div class=\"elementor-element elementor-element-41642a4 elementor-widget elementor-widget-text-editor\" data-id=\"41642a4\" data-element_type=\"widget\" data-widget_type=\"text-editor.default\">\n\t\t\t\t\t\t\t\t\t<p><span lang=\"DE\" style=\"font-family: Arial;\">Naszym celem jest zapewnienie naszym klientom <b style=\"mso-bidi-font-weight: normal;\">praktycznego<\/b> wsparcia <b style=\"mso-bidi-font-weight: normal;\">przy rozwi\u0105zywaniu ich problem\u00f3w<\/b>, szczeg\u00f3lnie wtedy, gdy dotychczasowe doradztwo prawne by\u0142o niezadowalaj\u0105ce lub nieadekwatne do wymaga\u0144 biznesowych.<\/span><\/p>\n<p><span lang=\"DE\" style=\"font-family: Arial;\">Wa\u017cne jest dla nas, aby zaoferowa\u0107 <b style=\"mso-bidi-font-weight: normal;\">odpowiedni\u0105 alternatyw\u0119 wszystkim<\/b> klientom, r\u00f3wnie\u017c tym, kt\u00f3rzy z tych powy\u017cszych powod\u00f3w nie korzystaj\u0105 obecnie z regularnych porad prawnych i staraj\u0105 si\u0119 samodzielnie rozwi\u0105za\u0107 swoje problemy.<\/span><\/p>\n<p style=\"tab-stops: list 72.0pt;\"><span lang=\"DE\" style=\"font-family: Arial;\">D\u0105\u017cymy do znalezienia <b style=\"mso-bidi-font-weight: normal;\">prostych, sprawiedliwych i przejrzystych rozwi\u0105za\u0144<\/b>, kt\u00f3re umo\u017cliwi\u0105 i wespr\u0105 <b style=\"mso-bidi-font-weight: normal;\">zr\u00f3wnowa\u017con\u0105 wsp\u00f3\u0142prac\u0119 biznesow\u0105<\/b>. Nasze wieloletnie do\u015bwiadczenie praktyczne pokaza\u0142o nam, \u017ce <b style=\"mso-bidi-font-weight: normal;\">trwa\u0142a warto\u015b\u0107 dodana<\/b> jest tworzona przede wszystkim poprzez <b style=\"mso-bidi-font-weight: normal;\">dobr\u0105 komunikacj\u0119 i uczciwe relacje mi\u0119dzy sob\u0105<\/b>.<\/span><\/p>\n\t\t\t\t\t\t\t\t<\/div>\n\t\t\t\t\t<\/div>\n\t\t<\/div>\n\t\t\t\t\t<\/div>\n\t\t<\/section>\n\t\t\t\t<section class=\"elementor-section elementor-top-section elementor-element elementor-element-3fc5712 elementor-section-boxed elementor-section-height-default elementor-section-height-default\" data-id=\"3fc5712\" data-element_type=\"section\">\n\t\t\t\t\t\t<div class=\"elementor-container elementor-column-gap-wide\">\n\t\t\t\t\t<div class=\"elementor-column elementor-col-100 elementor-top-column elementor-element elementor-element-9e14726\" data-id=\"9e14726\" data-element_type=\"column\">\n\t\t\t<div class=\"elementor-widget-wrap elementor-element-populated\">\n\t\t\t\t\t\t<div class=\"elementor-element elementor-element-88a8a0f elementor-view-default elementor-widget elementor-widget-icon\" data-id=\"88a8a0f\" data-element_type=\"widget\" data-widget_type=\"icon.default\">\n\t\t\t\t\t\t\t<div class=\"elementor-icon-wrapper\">\n\t\t\t<div class=\"elementor-icon\">\n\t\t\t\t\t\t\t<i class=\"fa fa-thumbs-up\" aria-hidden=\"true\"><\/i>\n\t\t\t\t\t\t<\/div>\n\t\t<\/div>\n\t\t\t\t\t\t<\/div>\n\t\t\t\t<div class=\"elementor-element elementor-element-ee4d249 elementor-widget elementor-widget-heading\" data-id=\"ee4d249\" data-element_type=\"widget\" data-widget_type=\"heading.default\">\n\t\t\t\t\t<h2 class=\"elementor-heading-title elementor-size-default\">Cechy wyr\u00f3\u017cniaj\u0105ce<\/h2>\t\t\t\t<\/div>\n\t\t\t\t\t<\/div>\n\t\t<\/div>\n\t\t\t\t\t<\/div>\n\t\t<\/section>\n\t\t\t\t<section class=\"elementor-section elementor-top-section elementor-element elementor-element-2c77f97 elementor-section-boxed elementor-section-height-default elementor-section-height-default\" data-id=\"2c77f97\" data-element_type=\"section\">\n\t\t\t\t\t\t<div class=\"elementor-container elementor-column-gap-wide\">\n\t\t\t\t\t<div class=\"elementor-column elementor-col-100 elementor-top-column elementor-element elementor-element-55023ff\" data-id=\"55023ff\" data-element_type=\"column\">\n\t\t\t<div class=\"elementor-widget-wrap elementor-element-populated\">\n\t\t\t\t\t\t<div class=\"elementor-element elementor-element-d3c65b5 elementor-widget elementor-widget-text-editor\" data-id=\"d3c65b5\" data-element_type=\"widget\" data-widget_type=\"text-editor.default\">\n\t\t\t\t\t\t\t\t\t<p>Pragmatyczne podej\u015bcie i umiej\u0119tne zastosowanie w praktyce ekspertyzy prawnej lub perspektywy prawnej oraz rozpoznanie rzeczywistych potrzeb klient\u00f3w<\/p>\n<p>Rzetelne doradztwo ze strony do\u015bwiadczonych <strong>LEGAL<\/strong>PARTNERS \u0142\u0105cz\u0105ce w sobie obie perspektywy w\u0142asnego do\u015bwiadczenia &#8211; w wiod\u0105cej kancelarii prawnej oraz d\u0142ugoletnie zarz\u0105dzanie w dziedzinach prawnych i HR.<\/p>\n<p>Szczeg\u00f3lny nacisk na zwi\u0119z\u0142e, \u0142atwe do opanowania przedstawienie zagadnie\u0144 prawnych.<\/p>\n<p>P\u0142aska struktura zapewniaj\u0105ca sprawne i bezpo\u015brednie doradztwo<\/p>\n<p>Rozs\u0105dne ramy finansowe<\/p>\n\t\t\t\t\t\t\t\t<\/div>\n\t\t\t\t\t<\/div>\n\t\t<\/div>\n\t\t\t\t\t<\/div>\n\t\t<\/section>\n\t\t\t\t<\/div>\n\t\t","protected":false},"excerpt":{"rendered":"<p>Nasza kancelaria adwokacka to Pa\u0144stwa niezawodny partner Kancelaria adwokacka LEGALPARTNERS zosta\u0142a za\u0142o\u017cona przez dr. Elisabeth Weichselberger-Chlap i d\u0105\u017cy w swojej dzia\u0142alno\u015bci do znalezienia skutecznych, praktycznych rozwi\u0105za\u0144 Pa\u0144stwa problem\u00f3w poprzez porady bezpo\u015brednie i we wsp\u00f3\u0142pracy z szerok\u0105 sieci\u0105 partner\u00f3w prawnych w Austrii i Polsce. Nasze cele Naszym celem jest zapewnienie naszym klientom praktycznego wsparcia przy rozwi\u0105zywaniu [&hellip;]<\/p>\n","protected":false},"author":1,"featured_media":0,"parent":0,"menu_order":0,"comment_status":"closed","ping_status":"closed","template":"","meta":{"ocean_post_layout":"full-screen","ocean_both_sidebars_style":"","ocean_both_sidebars_content_width":0,"ocean_both_sidebars_sidebars_width":0,"ocean_sidebar":"0","ocean_second_sidebar":"0","ocean_disable_margins":"on","ocean_add_body_class":"","ocean_shortcode_before_top_bar":"","ocean_shortcode_after_top_bar":"","ocean_shortcode_before_header":"","ocean_shortcode_after_header":"","ocean_has_shortcode":"","ocean_shortcode_after_title":"","ocean_shortcode_before_footer_widgets":"","ocean_shortcode_after_footer_widgets":"","ocean_shortcode_before_footer_bottom":"","ocean_shortcode_after_footer_bottom":"","ocean_display_top_bar":"default","ocean_display_header":"default","ocean_header_style":"","ocean_center_header_left_menu":"0","ocean_custom_header_template":"0","ocean_custom_logo":0,"ocean_custom_retina_logo":0,"ocean_custom_logo_max_width":0,"ocean_custom_logo_tablet_max_width":0,"ocean_custom_logo_mobile_max_width":0,"ocean_custom_logo_max_height":0,"ocean_custom_logo_tablet_max_height":0,"ocean_custom_logo_mobile_max_height":0,"ocean_header_custom_menu":"0","ocean_menu_typo_font_family":"0","ocean_menu_typo_font_subset":"","ocean_menu_typo_font_size":0,"ocean_menu_typo_font_size_tablet":0,"ocean_menu_typo_font_size_mobile":0,"ocean_menu_typo_font_size_unit":"px","ocean_menu_typo_font_weight":"","ocean_menu_typo_font_weight_tablet":"","ocean_menu_typo_font_weight_mobile":"","ocean_menu_typo_transform":"","ocean_menu_typo_transform_tablet":"","ocean_menu_typo_transform_mobile":"","ocean_menu_typo_line_height":0,"ocean_menu_typo_line_height_tablet":0,"ocean_menu_typo_line_height_mobile":0,"ocean_menu_typo_line_height_unit":"","ocean_menu_typo_spacing":0,"ocean_menu_typo_spacing_tablet":0,"ocean_menu_typo_spacing_mobile":0,"ocean_menu_typo_spacing_unit":"","ocean_menu_link_color":"","ocean_menu_link_color_hover":"","ocean_menu_link_color_active":"","ocean_menu_link_background":"","ocean_menu_link_hover_background":"","ocean_menu_link_active_background":"","ocean_menu_social_links_bg":"","ocean_menu_social_hover_links_bg":"","ocean_menu_social_links_color":"","ocean_menu_social_hover_links_color":"","ocean_disable_title":"default","ocean_disable_heading":"default","ocean_post_title":"","ocean_post_subheading":"","ocean_post_title_style":"","ocean_post_title_background_color":"","ocean_post_title_background":0,"ocean_post_title_bg_image_position":"","ocean_post_title_bg_image_attachment":"","ocean_post_title_bg_image_repeat":"","ocean_post_title_bg_image_size":"","ocean_post_title_height":0,"ocean_post_title_bg_overlay":0.5,"ocean_post_title_bg_overlay_color":"","ocean_disable_breadcrumbs":"default","ocean_breadcrumbs_color":"","ocean_breadcrumbs_separator_color":"","ocean_breadcrumbs_links_color":"","ocean_breadcrumbs_links_hover_color":"","ocean_display_footer_widgets":"default","ocean_display_footer_bottom":"default","ocean_custom_footer_template":"0","footnotes":""},"class_list":["post-711","page","type-page","status-publish","hentry","entry"],"yoast_head":"<!-- This site is optimized with the Yoast SEO plugin v26.8 - https:\/\/yoast.com\/product\/yoast-seo-wordpress\/ -->\n<title>LEGALPARTNERS | Kancelaria Adwokacka | O nas<\/title>\n<meta name=\"description\" content=\"Dowiedz si\u0119 wi\u0119cej o Kancelarii Prawnej LEGALPARTNERS, naszych cechach wyr\u00f3\u017cniaj\u0105cych i celach w zakresie kompetentnego doradztwa prawnego.\" \/>\n<meta name=\"robots\" content=\"index, follow, max-snippet:-1, max-image-preview:large, max-video-preview:-1\" \/>\n<link rel=\"canonical\" href=\"https:\/\/legalpartners.at\/pl\/onas\/\" \/>\n<meta property=\"og:locale\" content=\"pl_PL\" \/>\n<meta property=\"og:type\" content=\"article\" \/>\n<meta property=\"og:title\" content=\"LEGALPARTNERS | Kancelaria Adwokacka | O nas\" \/>\n<meta property=\"og:description\" content=\"Dowiedz si\u0119 wi\u0119cej o Kancelarii Prawnej LEGALPARTNERS, naszych cechach wyr\u00f3\u017cniaj\u0105cych i celach w zakresie kompetentnego doradztwa prawnego.\" \/>\n<meta property=\"og:url\" content=\"https:\/\/legalpartners.at\/pl\/onas\/\" \/>\n<meta property=\"og:site_name\" content=\"LEGALPARTNERS\" \/>\n<meta property=\"article:modified_time\" content=\"2026-01-21T14:47:26+00:00\" \/>\n<meta name=\"twitter:card\" content=\"summary_large_image\" \/>\n<meta name=\"twitter:label1\" content=\"Szacowany czas czytania\" \/>\n\t<meta name=\"twitter:data1\" content=\"1 minuta\" \/>\n<script type=\"application\/ld+json\" class=\"yoast-schema-graph\">{\"@context\":\"https:\/\/schema.org\",\"@graph\":[{\"@type\":\"WebPage\",\"@id\":\"https:\/\/legalpartners.at\/pl\/onas\/\",\"url\":\"https:\/\/legalpartners.at\/pl\/onas\/\",\"name\":\"LEGALPARTNERS | Kancelaria Adwokacka | O nas\",\"isPartOf\":{\"@id\":\"https:\/\/legalpartners.at\/pl\/#website\"},\"datePublished\":\"2019-07-26T14:39:14+00:00\",\"dateModified\":\"2026-01-21T14:47:26+00:00\",\"description\":\"Dowiedz si\u0119 wi\u0119cej o Kancelarii Prawnej LEGALPARTNERS, naszych cechach wyr\u00f3\u017cniaj\u0105cych i celach w zakresie kompetentnego doradztwa prawnego.\",\"breadcrumb\":{\"@id\":\"https:\/\/legalpartners.at\/pl\/onas\/#breadcrumb\"},\"inLanguage\":\"pl-PL\",\"potentialAction\":[{\"@type\":\"ReadAction\",\"target\":[\"https:\/\/legalpartners.at\/pl\/onas\/\"]}]},{\"@type\":\"BreadcrumbList\",\"@id\":\"https:\/\/legalpartners.at\/pl\/onas\/#breadcrumb\",\"itemListElement\":[{\"@type\":\"ListItem\",\"position\":1,\"name\":\"Startseite\",\"item\":\"https:\/\/legalpartners.at\/pl\/\"},{\"@type\":\"ListItem\",\"position\":2,\"name\":\"O nas\"}]},{\"@type\":\"WebSite\",\"@id\":\"https:\/\/legalpartners.at\/pl\/#website\",\"url\":\"https:\/\/legalpartners.at\/pl\/\",\"name\":\"LEGALPARTNERS\",\"description\":\"Rechtsanwaltskanzlei Wien\",\"publisher\":{\"@id\":\"https:\/\/legalpartners.at\/pl\/#organization\"},\"potentialAction\":[{\"@type\":\"SearchAction\",\"target\":{\"@type\":\"EntryPoint\",\"urlTemplate\":\"https:\/\/legalpartners.at\/pl\/?s={search_term_string}\"},\"query-input\":{\"@type\":\"PropertyValueSpecification\",\"valueRequired\":true,\"valueName\":\"search_term_string\"}}],\"inLanguage\":\"pl-PL\"},{\"@type\":\"Organization\",\"@id\":\"https:\/\/legalpartners.at\/pl\/#organization\",\"name\":\"LEGALPARTNERS\",\"url\":\"https:\/\/legalpartners.at\/pl\/\",\"logo\":{\"@type\":\"ImageObject\",\"inLanguage\":\"pl-PL\",\"@id\":\"https:\/\/legalpartners.at\/pl\/#\/schema\/logo\/image\/\",\"url\":\"https:\/\/legalpartners.at\/wp-content\/uploads\/2019\/06\/LegalPartners_LOGO_RGB_300-1.jpg\",\"contentUrl\":\"https:\/\/legalpartners.at\/wp-content\/uploads\/2019\/06\/LegalPartners_LOGO_RGB_300-1.jpg\",\"width\":300,\"height\":89,\"caption\":\"LEGALPARTNERS\"},\"image\":{\"@id\":\"https:\/\/legalpartners.at\/pl\/#\/schema\/logo\/image\/\"}}]}<\/script>\n<!-- \/ Yoast SEO plugin. -->","yoast_head_json":{"title":"LEGALPARTNERS | Kancelaria Adwokacka | O nas","description":"Dowiedz si\u0119 wi\u0119cej o Kancelarii Prawnej LEGALPARTNERS, naszych cechach wyr\u00f3\u017cniaj\u0105cych i celach w zakresie kompetentnego doradztwa prawnego.","robots":{"index":"index","follow":"follow","max-snippet":"max-snippet:-1","max-image-preview":"max-image-preview:large","max-video-preview":"max-video-preview:-1"},"canonical":"https:\/\/legalpartners.at\/pl\/onas\/","og_locale":"pl_PL","og_type":"article","og_title":"LEGALPARTNERS | Kancelaria Adwokacka | O nas","og_description":"Dowiedz si\u0119 wi\u0119cej o Kancelarii Prawnej LEGALPARTNERS, naszych cechach wyr\u00f3\u017cniaj\u0105cych i celach w zakresie kompetentnego doradztwa prawnego.","og_url":"https:\/\/legalpartners.at\/pl\/onas\/","og_site_name":"LEGALPARTNERS","article_modified_time":"2026-01-21T14:47:26+00:00","twitter_card":"summary_large_image","twitter_misc":{"Szacowany czas czytania":"1 minuta"},"schema":{"@context":"https:\/\/schema.org","@graph":[{"@type":"WebPage","@id":"https:\/\/legalpartners.at\/pl\/onas\/","url":"https:\/\/legalpartners.at\/pl\/onas\/","name":"LEGALPARTNERS | Kancelaria Adwokacka | O nas","isPartOf":{"@id":"https:\/\/legalpartners.at\/pl\/#website"},"datePublished":"2019-07-26T14:39:14+00:00","dateModified":"2026-01-21T14:47:26+00:00","description":"Dowiedz si\u0119 wi\u0119cej o Kancelarii Prawnej LEGALPARTNERS, naszych cechach wyr\u00f3\u017cniaj\u0105cych i celach w zakresie kompetentnego doradztwa prawnego.","breadcrumb":{"@id":"https:\/\/legalpartners.at\/pl\/onas\/#breadcrumb"},"inLanguage":"pl-PL","potentialAction":[{"@type":"ReadAction","target":["https:\/\/legalpartners.at\/pl\/onas\/"]}]},{"@type":"BreadcrumbList","@id":"https:\/\/legalpartners.at\/pl\/onas\/#breadcrumb","itemListElement":[{"@type":"ListItem","position":1,"name":"Startseite","item":"https:\/\/legalpartners.at\/pl\/"},{"@type":"ListItem","position":2,"name":"O nas"}]},{"@type":"WebSite","@id":"https:\/\/legalpartners.at\/pl\/#website","url":"https:\/\/legalpartners.at\/pl\/","name":"LEGALPARTNERS","description":"Rechtsanwaltskanzlei Wien","publisher":{"@id":"https:\/\/legalpartners.at\/pl\/#organization"},"potentialAction":[{"@type":"SearchAction","target":{"@type":"EntryPoint","urlTemplate":"https:\/\/legalpartners.at\/pl\/?s={search_term_string}"},"query-input":{"@type":"PropertyValueSpecification","valueRequired":true,"valueName":"search_term_string"}}],"inLanguage":"pl-PL"},{"@type":"Organization","@id":"https:\/\/legalpartners.at\/pl\/#organization","name":"LEGALPARTNERS","url":"https:\/\/legalpartners.at\/pl\/","logo":{"@type":"ImageObject","inLanguage":"pl-PL","@id":"https:\/\/legalpartners.at\/pl\/#\/schema\/logo\/image\/","url":"https:\/\/legalpartners.at\/wp-content\/uploads\/2019\/06\/LegalPartners_LOGO_RGB_300-1.jpg","contentUrl":"https:\/\/legalpartners.at\/wp-content\/uploads\/2019\/06\/LegalPartners_LOGO_RGB_300-1.jpg","width":300,"height":89,"caption":"LEGALPARTNERS"},"image":{"@id":"https:\/\/legalpartners.at\/pl\/#\/schema\/logo\/image\/"}}]}},"_links":{"self":[{"href":"https:\/\/legalpartners.at\/pl\/wp-json\/wp\/v2\/pages\/711","targetHints":{"allow":["GET"]}}],"collection":[{"href":"https:\/\/legalpartners.at\/pl\/wp-json\/wp\/v2\/pages"}],"about":[{"href":"https:\/\/legalpartners.at\/pl\/wp-json\/wp\/v2\/types\/page"}],"author":[{"embeddable":true,"href":"https:\/\/legalpartners.at\/pl\/wp-json\/wp\/v2\/users\/1"}],"replies":[{"embeddable":true,"href":"https:\/\/legalpartners.at\/pl\/wp-json\/wp\/v2\/comments?post=711"}],"version-history":[{"count":7,"href":"https:\/\/legalpartners.at\/pl\/wp-json\/wp\/v2\/pages\/711\/revisions"}],"predecessor-version":[{"id":931,"href":"https:\/\/legalpartners.at\/pl\/wp-json\/wp\/v2\/pages\/711\/revisions\/931"}],"wp:attachment":[{"href":"https:\/\/legalpartners.at\/pl\/wp-json\/wp\/v2\/media?parent=711"}],"curies":[{"name":"wp","href":"https:\/\/api.w.org\/{rel}","templated":true}]}}