{"id":715,"date":"2019-07-26T17:46:12","date_gmt":"2019-07-26T15:46:12","guid":{"rendered":"https:\/\/legalpartners.at\/naszzespol\/"},"modified":"2026-01-21T15:47:13","modified_gmt":"2026-01-21T14:47:13","slug":"naszzespol","status":"publish","type":"page","link":"https:\/\/legalpartners.at\/pl\/naszzespol\/","title":{"rendered":"Nasz Zesp\u00f3\u0142"},"content":{"rendered":"\t\t<div data-elementor-type=\"wp-post\" data-elementor-id=\"715\" class=\"elementor elementor-715 elementor-20\" data-elementor-post-type=\"page\">\n\t\t\t\t\t\t<section class=\"elementor-section elementor-top-section elementor-element elementor-element-147f87d elementor-section-height-min-height elementor-section-content-middle elementor-section-stretched elementor-section-boxed elementor-section-height-default elementor-section-items-middle\" data-id=\"147f87d\" data-element_type=\"section\" data-settings=\"{&quot;background_background&quot;:&quot;classic&quot;,&quot;background_motion_fx_motion_fx_scrolling&quot;:&quot;yes&quot;,&quot;background_motion_fx_translateY_effect&quot;:&quot;yes&quot;,&quot;background_motion_fx_translateY_direction&quot;:&quot;negative&quot;,&quot;stretch_section&quot;:&quot;section-stretched&quot;,&quot;background_motion_fx_translateY_speed&quot;:{&quot;unit&quot;:&quot;px&quot;,&quot;size&quot;:4,&quot;sizes&quot;:[]},&quot;background_motion_fx_translateY_affectedRange&quot;:{&quot;unit&quot;:&quot;%&quot;,&quot;size&quot;:&quot;&quot;,&quot;sizes&quot;:{&quot;start&quot;:0,&quot;end&quot;:100}},&quot;background_motion_fx_devices&quot;:[&quot;widescreen&quot;,&quot;desktop&quot;,&quot;laptop&quot;,&quot;tablet_extra&quot;,&quot;tablet&quot;,&quot;mobile_extra&quot;,&quot;mobile&quot;]}\">\n\t\t\t\t\t\t\t<div class=\"elementor-background-overlay\"><\/div>\n\t\t\t\t\t\t\t<div class=\"elementor-container elementor-column-gap-narrow\">\n\t\t\t\t\t<div class=\"elementor-column elementor-col-50 elementor-top-column elementor-element elementor-element-0bc08e9\" data-id=\"0bc08e9\" data-element_type=\"column\" data-settings=\"{&quot;background_background&quot;:&quot;classic&quot;}\">\n\t\t\t<div class=\"elementor-widget-wrap elementor-element-populated\">\n\t\t\t\t\t\t<div class=\"elementor-element elementor-element-f08a154 elementor-widget elementor-widget-heading\" data-id=\"f08a154\" data-element_type=\"widget\" data-widget_type=\"heading.default\">\n\t\t\t\t\t<h2 class=\"elementor-heading-title elementor-size-xl\">Silny zesp\u00f3\u0142<\/h2>\t\t\t\t<\/div>\n\t\t\t\t\t<\/div>\n\t\t<\/div>\n\t\t\t\t<div class=\"elementor-column elementor-col-50 elementor-top-column elementor-element elementor-element-7bfe14b elementor-invisible\" data-id=\"7bfe14b\" data-element_type=\"column\" data-settings=\"{&quot;background_background&quot;:&quot;classic&quot;,&quot;animation&quot;:&quot;zoomIn&quot;,&quot;animation_tablet&quot;:&quot;slideInRight&quot;,&quot;animation_mobile&quot;:&quot;none&quot;,&quot;animation_delay&quot;:1000}\">\n\t\t\t<div class=\"elementor-widget-wrap elementor-element-populated\">\n\t\t\t\t\t\t<div class=\"elementor-element elementor-element-668cd87 elementor-widget elementor-widget-heading\" data-id=\"668cd87\" data-element_type=\"widget\" data-widget_type=\"heading.default\">\n\t\t\t\t\t<h2 class=\"elementor-heading-title elementor-size-xl\">do Pa\u0144stwa dyspozycji<\/h2>\t\t\t\t<\/div>\n\t\t\t\t\t<\/div>\n\t\t<\/div>\n\t\t\t\t\t<\/div>\n\t\t<\/section>\n\t\t\t\t<section class=\"elementor-section elementor-top-section elementor-element elementor-element-15695f7 elementor-section-boxed elementor-section-height-default elementor-section-height-default\" data-id=\"15695f7\" data-element_type=\"section\">\n\t\t\t\t\t\t<div class=\"elementor-container elementor-column-gap-default\">\n\t\t\t\t\t<div class=\"elementor-column elementor-col-100 elementor-top-column elementor-element elementor-element-b1b8889\" data-id=\"b1b8889\" data-element_type=\"column\">\n\t\t\t<div class=\"elementor-widget-wrap elementor-element-populated\">\n\t\t\t\t\t\t<div class=\"elementor-element elementor-element-40af45c elementor-widget elementor-widget-spacer\" data-id=\"40af45c\" data-element_type=\"widget\" data-widget_type=\"spacer.default\">\n\t\t\t\t\t\t\t<div class=\"elementor-spacer\">\n\t\t\t<div class=\"elementor-spacer-inner\"><\/div>\n\t\t<\/div>\n\t\t\t\t\t\t<\/div>\n\t\t\t\t\t<\/div>\n\t\t<\/div>\n\t\t\t\t\t<\/div>\n\t\t<\/section>\n\t\t\t\t<section class=\"elementor-section elementor-top-section elementor-element elementor-element-60eaea8 elementor-section-content-top elementor-section-boxed elementor-section-height-default elementor-section-height-default\" data-id=\"60eaea8\" data-element_type=\"section\">\n\t\t\t\t\t\t<div class=\"elementor-container elementor-column-gap-wider\">\n\t\t\t\t\t<div class=\"elementor-column elementor-col-50 elementor-top-column elementor-element elementor-element-4dbbb2f\" data-id=\"4dbbb2f\" data-element_type=\"column\" data-settings=\"{&quot;background_background&quot;:&quot;classic&quot;}\">\n\t\t\t<div class=\"elementor-widget-wrap elementor-element-populated\">\n\t\t\t\t\t\t<div class=\"elementor-element elementor-element-d7c74fe elementor-widget elementor-widget-image\" data-id=\"d7c74fe\" data-element_type=\"widget\" data-widget_type=\"image.default\">\n\t\t\t\t\t\t\t\t\t\t\t\t\t\t\t<img fetchpriority=\"high\" decoding=\"async\" width=\"400\" height=\"400\" src=\"https:\/\/legalpartners.at\/wp-content\/uploads\/2019\/05\/elisabeth_square.png\" class=\"attachment-large size-large wp-image-599\" alt=\"\" srcset=\"https:\/\/legalpartners.at\/wp-content\/uploads\/2019\/05\/elisabeth_square.png 400w, https:\/\/legalpartners.at\/wp-content\/uploads\/2019\/05\/elisabeth_square-150x150.png 150w, https:\/\/legalpartners.at\/wp-content\/uploads\/2019\/05\/elisabeth_square-300x300.png 300w\" sizes=\"(max-width: 400px) 100vw, 400px\" \/>\t\t\t\t\t\t\t\t\t\t\t\t\t\t\t<\/div>\n\t\t\t\t<div class=\"elementor-element elementor-element-0dd58af elementor-widget elementor-widget-text-editor\" data-id=\"0dd58af\" data-element_type=\"widget\" data-widget_type=\"text-editor.default\">\n\t\t\t\t\t\t\t\t\t<p style=\"text-align: center;\">RA Dr.<br>\r\n<strong>Elisabeth Weichselberger \u2013 Chlap<\/strong><br>\r\nMA, MBA<\/p>\t\t\t\t\t\t\t\t<\/div>\n\t\t\t\t<div class=\"elementor-element elementor-element-22c6463 elementor-widget elementor-widget-text-editor\" data-id=\"22c6463\" data-element_type=\"widget\" data-widget_type=\"text-editor.default\">\n\t\t\t\t\t\t\t\t\t<p>od 20.3.2018 \u2013 Kancelaria prawna <b>LEGAL<\/b>PARTNERS<br \/>2007 \u2013 2018 \u2013 Szef dzia\u0142u prawnego i senior legal counsel w Raiffeisen Informatik GmbH, Wiede\u0144, prokurentka i organ doradczy w sp\u00f3\u0142ce zale\u017cnej<br \/>2001 \u2013 2006 \u2013 Adwokat\/Prawnik w Freshfields Bruckhaus Deringer, Wiede\u0144<br \/>2000 \u2013 2001 \u2013 Asystentka naukowa w Kolegium Europejskim, Natolin<br \/>1999 \u2013 2000 \u2013 Prawnik w Clifford Chance, Warszawa<br \/>1997 \u2013 1998 \u2013 Aplikacja S\u0105dowa w Wiedniu i praktyka prawnicza w Wiedniu i Warszawie<\/p>\n<p><b>Wykszta\u0142cenie<br \/>\n<\/b>2008 \u2013 MBA \/ Executive Academy WU Wiede\u0144 i Carlson School of Management, Minnesota<br \/>2004 \u2013 Egzamin adwokacki przed S\u0105dem Okr\u0119gowym w Wiedniu<br \/>2003 \u2013 Doktor nauk prawnych, Universytet w Salzburgu<br \/>1999 \u2013 Magister Europeistyki \/ Kolegium Europejskie \u2013 Brugia, Natolin<br \/>1997 \u2013 Magister prawa Universytet Wiede\u0144ski i Louvain La Neuve, Belgia<\/p>\n<p><b>J\u0119zyki obce<\/b><br \/>niemiecki, angielski, polski, francuski<\/p>\n\t\t\t\t\t\t\t\t<\/div>\n\t\t\t\t\t<\/div>\n\t\t<\/div>\n\t\t\t\t<div class=\"elementor-column elementor-col-50 elementor-top-column elementor-element elementor-element-753373d elementor-invisible\" data-id=\"753373d\" data-element_type=\"column\" data-settings=\"{&quot;background_background&quot;:&quot;classic&quot;,&quot;animation&quot;:&quot;fadeIn&quot;,&quot;animation_delay&quot;:1500}\">\n\t\t\t<div class=\"elementor-widget-wrap elementor-element-populated\">\n\t\t\t\t\t\t<div class=\"elementor-element elementor-element-f2eaab0 elementor-widget elementor-widget-image\" data-id=\"f2eaab0\" data-element_type=\"widget\" data-widget_type=\"image.default\">\n\t\t\t\t\t\t\t\t\t\t\t\t\t\t\t<img decoding=\"async\" width=\"400\" height=\"400\" data-src=\"https:\/\/legalpartners.at\/wp-content\/uploads\/2020\/05\/martin_square.png\" class=\"attachment-large size-large wp-image-1551 lazyload\" alt=\"Legal Partners Martin Adam\" data-srcset=\"https:\/\/legalpartners.at\/wp-content\/uploads\/2020\/05\/martin_square.png 400w, https:\/\/legalpartners.at\/wp-content\/uploads\/2020\/05\/martin_square-300x300.png 300w, https:\/\/legalpartners.at\/wp-content\/uploads\/2020\/05\/martin_square-150x150.png 150w\" data-sizes=\"(max-width: 400px) 100vw, 400px\" src=\"data:image\/svg+xml;base64,PHN2ZyB3aWR0aD0iMSIgaGVpZ2h0PSIxIiB4bWxucz0iaHR0cDovL3d3dy53My5vcmcvMjAwMC9zdmciPjwvc3ZnPg==\" style=\"--smush-placeholder-width: 400px; --smush-placeholder-aspect-ratio: 400\/400;\" \/>\t\t\t\t\t\t\t\t\t\t\t\t\t\t\t<\/div>\n\t\t\t\t<div class=\"elementor-element elementor-element-4847310 elementor-widget elementor-widget-text-editor\" data-id=\"4847310\" data-element_type=\"widget\" data-widget_type=\"text-editor.default\">\n\t\t\t\t\t\t\t\t\t<p style=\"text-align: center;\">RA Mag.<br>\r\n<strong>Martin Adam <br>\r\n<\/strong>Partner wsp\u00f3\u0142pracuj\u0105cy<\/p>\t\t\t\t\t\t\t\t<\/div>\n\t\t\t\t<div class=\"elementor-element elementor-element-4a62e79 elementor-widget elementor-widget-text-editor\" data-id=\"4a62e79\" data-element_type=\"widget\" data-widget_type=\"text-editor.default\">\n\t\t\t\t\t\t\t\t\t<p>Adwokat z ponad 15-letnim do\u015bwiadczeniem praktycznym w renomowanych wiede\u0144skich kancelariach prawnych, g\u0142\u00f3wnie w zakresie post\u0119powania cywilnego spornego i niespornego oraz prawa karnego, a tak\u017ce prawa transportowego i prawa pracy.<\/p>\n<p style=\"text-align: center;\"><a href=\"https:\/\/www.law-adam.at\" target=\"_blank\" rel=\"noopener\">www.law-adam.at<\/a><\/p>\n\t\t\t\t\t\t\t\t<\/div>\n\t\t\t\t\t<\/div>\n\t\t<\/div>\n\t\t\t\t\t<\/div>\n\t\t<\/section>\n\t\t\t\t<section class=\"elementor-section elementor-top-section elementor-element elementor-element-f7dd531 elementor-section-boxed elementor-section-height-default elementor-section-height-default\" data-id=\"f7dd531\" data-element_type=\"section\">\n\t\t\t\t\t\t<div class=\"elementor-container elementor-column-gap-default\">\n\t\t\t\t\t<div class=\"elementor-column elementor-col-100 elementor-top-column elementor-element elementor-element-c28804b\" data-id=\"c28804b\" data-element_type=\"column\">\n\t\t\t<div class=\"elementor-widget-wrap elementor-element-populated\">\n\t\t\t\t\t\t<div class=\"elementor-element elementor-element-b84f2b1 elementor-widget elementor-widget-spacer\" data-id=\"b84f2b1\" data-element_type=\"widget\" data-widget_type=\"spacer.default\">\n\t\t\t\t\t\t\t<div class=\"elementor-spacer\">\n\t\t\t<div class=\"elementor-spacer-inner\"><\/div>\n\t\t<\/div>\n\t\t\t\t\t\t<\/div>\n\t\t\t\t\t<\/div>\n\t\t<\/div>\n\t\t\t\t\t<\/div>\n\t\t<\/section>\n\t\t\t\t<\/div>\n\t\t","protected":false},"excerpt":{"rendered":"<p>Silny zesp\u00f3\u0142 do Pa\u0144stwa dyspozycji RA Dr. Elisabeth Weichselberger \u2013 Chlap MA, MBA od 20.3.2018 \u2013 Kancelaria prawna LEGALPARTNERS2007 \u2013 2018 \u2013 Szef dzia\u0142u prawnego i senior legal counsel w Raiffeisen Informatik GmbH, Wiede\u0144, prokurentka i organ doradczy w sp\u00f3\u0142ce zale\u017cnej2001 \u2013 2006 \u2013 Adwokat\/Prawnik w Freshfields Bruckhaus Deringer, Wiede\u01442000 \u2013 2001 \u2013 Asystentka naukowa [&hellip;]<\/p>\n","protected":false},"author":1,"featured_media":0,"parent":0,"menu_order":0,"comment_status":"closed","ping_status":"closed","template":"","meta":{"ocean_post_layout":"full-screen","ocean_both_sidebars_style":"","ocean_both_sidebars_content_width":0,"ocean_both_sidebars_sidebars_width":0,"ocean_sidebar":"0","ocean_second_sidebar":"0","ocean_disable_margins":"on","ocean_add_body_class":"","ocean_shortcode_before_top_bar":"","ocean_shortcode_after_top_bar":"","ocean_shortcode_before_header":"","ocean_shortcode_after_header":"","ocean_has_shortcode":"","ocean_shortcode_after_title":"","ocean_shortcode_before_footer_widgets":"","ocean_shortcode_after_footer_widgets":"","ocean_shortcode_before_footer_bottom":"","ocean_shortcode_after_footer_bottom":"","ocean_display_top_bar":"default","ocean_display_header":"default","ocean_header_style":"","ocean_center_header_left_menu":"0","ocean_custom_header_template":"0","ocean_custom_logo":0,"ocean_custom_retina_logo":0,"ocean_custom_logo_max_width":0,"ocean_custom_logo_tablet_max_width":0,"ocean_custom_logo_mobile_max_width":0,"ocean_custom_logo_max_height":0,"ocean_custom_logo_tablet_max_height":0,"ocean_custom_logo_mobile_max_height":0,"ocean_header_custom_menu":"0","ocean_menu_typo_font_family":"0","ocean_menu_typo_font_subset":"","ocean_menu_typo_font_size":0,"ocean_menu_typo_font_size_tablet":0,"ocean_menu_typo_font_size_mobile":0,"ocean_menu_typo_font_size_unit":"px","ocean_menu_typo_font_weight":"","ocean_menu_typo_font_weight_tablet":"","ocean_menu_typo_font_weight_mobile":"","ocean_menu_typo_transform":"","ocean_menu_typo_transform_tablet":"","ocean_menu_typo_transform_mobile":"","ocean_menu_typo_line_height":0,"ocean_menu_typo_line_height_tablet":0,"ocean_menu_typo_line_height_mobile":0,"ocean_menu_typo_line_height_unit":"","ocean_menu_typo_spacing":0,"ocean_menu_typo_spacing_tablet":0,"ocean_menu_typo_spacing_mobile":0,"ocean_menu_typo_spacing_unit":"","ocean_menu_link_color":"","ocean_menu_link_color_hover":"","ocean_menu_link_color_active":"","ocean_menu_link_background":"","ocean_menu_link_hover_background":"","ocean_menu_link_active_background":"","ocean_menu_social_links_bg":"","ocean_menu_social_hover_links_bg":"","ocean_menu_social_links_color":"","ocean_menu_social_hover_links_color":"","ocean_disable_title":"default","ocean_disable_heading":"default","ocean_post_title":"","ocean_post_subheading":"","ocean_post_title_style":"","ocean_post_title_background_color":"","ocean_post_title_background":0,"ocean_post_title_bg_image_position":"","ocean_post_title_bg_image_attachment":"","ocean_post_title_bg_image_repeat":"","ocean_post_title_bg_image_size":"","ocean_post_title_height":0,"ocean_post_title_bg_overlay":0.5,"ocean_post_title_bg_overlay_color":"","ocean_disable_breadcrumbs":"default","ocean_breadcrumbs_color":"","ocean_breadcrumbs_separator_color":"","ocean_breadcrumbs_links_color":"","ocean_breadcrumbs_links_hover_color":"","ocean_display_footer_widgets":"default","ocean_display_footer_bottom":"default","ocean_custom_footer_template":"0","footnotes":""},"class_list":["post-715","page","type-page","status-publish","hentry","entry"],"yoast_head":"<!-- This site is optimized with the Yoast SEO plugin v26.8 - https:\/\/yoast.com\/product\/yoast-seo-wordpress\/ -->\n<title>LEGALPARTNERS | Kancelaria Adwokacka | Nasz Zesp\u00f3\u0142<\/title>\n<meta name=\"description\" content=\"Nasz zesp\u00f3\u0142 Kancelarii Prawnej LEGALPARTNERS jest do Pa\u0144stwa dyspozycji z wysokimi kompetencjami i wiedz\u0105 fachow\u0105, aby doradza\u0107 Pa\u0144stwu w pe\u0142ni zadowoleni.\" \/>\n<meta name=\"robots\" content=\"index, follow, max-snippet:-1, max-image-preview:large, max-video-preview:-1\" \/>\n<link rel=\"canonical\" href=\"https:\/\/legalpartners.at\/pl\/naszzespol\/\" \/>\n<meta property=\"og:locale\" content=\"pl_PL\" \/>\n<meta property=\"og:type\" content=\"article\" \/>\n<meta property=\"og:title\" content=\"LEGALPARTNERS | Kancelaria Adwokacka | Nasz Zesp\u00f3\u0142\" \/>\n<meta property=\"og:description\" content=\"Nasz zesp\u00f3\u0142 Kancelarii Prawnej LEGALPARTNERS jest do Pa\u0144stwa dyspozycji z wysokimi kompetencjami i wiedz\u0105 fachow\u0105, aby doradza\u0107 Pa\u0144stwu w pe\u0142ni zadowoleni.\" \/>\n<meta property=\"og:url\" content=\"https:\/\/legalpartners.at\/pl\/naszzespol\/\" \/>\n<meta property=\"og:site_name\" content=\"LEGALPARTNERS\" \/>\n<meta property=\"article:modified_time\" content=\"2026-01-21T14:47:13+00:00\" \/>\n<meta property=\"og:image\" content=\"https:\/\/legalpartners.at\/wp-content\/uploads\/2019\/05\/elisabeth_square.png\" \/>\n\t<meta property=\"og:image:width\" content=\"400\" \/>\n\t<meta property=\"og:image:height\" content=\"400\" \/>\n\t<meta property=\"og:image:type\" content=\"image\/png\" \/>\n<meta name=\"twitter:card\" content=\"summary_large_image\" \/>\n<meta name=\"twitter:label1\" content=\"Szacowany czas czytania\" \/>\n\t<meta name=\"twitter:data1\" content=\"2 minuty\" \/>\n<script type=\"application\/ld+json\" class=\"yoast-schema-graph\">{\"@context\":\"https:\/\/schema.org\",\"@graph\":[{\"@type\":\"WebPage\",\"@id\":\"https:\/\/legalpartners.at\/pl\/naszzespol\/\",\"url\":\"https:\/\/legalpartners.at\/pl\/naszzespol\/\",\"name\":\"LEGALPARTNERS | Kancelaria Adwokacka | Nasz Zesp\u00f3\u0142\",\"isPartOf\":{\"@id\":\"https:\/\/legalpartners.at\/pl\/#website\"},\"primaryImageOfPage\":{\"@id\":\"https:\/\/legalpartners.at\/pl\/naszzespol\/#primaryimage\"},\"image\":{\"@id\":\"https:\/\/legalpartners.at\/pl\/naszzespol\/#primaryimage\"},\"thumbnailUrl\":\"https:\/\/legalpartners.at\/wp-content\/uploads\/2019\/05\/elisabeth_square.png\",\"datePublished\":\"2019-07-26T15:46:12+00:00\",\"dateModified\":\"2026-01-21T14:47:13+00:00\",\"description\":\"Nasz zesp\u00f3\u0142 Kancelarii Prawnej LEGALPARTNERS jest do Pa\u0144stwa dyspozycji z wysokimi kompetencjami i wiedz\u0105 fachow\u0105, aby doradza\u0107 Pa\u0144stwu w pe\u0142ni zadowoleni.\",\"breadcrumb\":{\"@id\":\"https:\/\/legalpartners.at\/pl\/naszzespol\/#breadcrumb\"},\"inLanguage\":\"pl-PL\",\"potentialAction\":[{\"@type\":\"ReadAction\",\"target\":[\"https:\/\/legalpartners.at\/pl\/naszzespol\/\"]}]},{\"@type\":\"ImageObject\",\"inLanguage\":\"pl-PL\",\"@id\":\"https:\/\/legalpartners.at\/pl\/naszzespol\/#primaryimage\",\"url\":\"https:\/\/legalpartners.at\/wp-content\/uploads\/2019\/05\/elisabeth_square.png\",\"contentUrl\":\"https:\/\/legalpartners.at\/wp-content\/uploads\/2019\/05\/elisabeth_square.png\"},{\"@type\":\"BreadcrumbList\",\"@id\":\"https:\/\/legalpartners.at\/pl\/naszzespol\/#breadcrumb\",\"itemListElement\":[{\"@type\":\"ListItem\",\"position\":1,\"name\":\"Startseite\",\"item\":\"https:\/\/legalpartners.at\/pl\/\"},{\"@type\":\"ListItem\",\"position\":2,\"name\":\"Nasz Zesp\u00f3\u0142\"}]},{\"@type\":\"WebSite\",\"@id\":\"https:\/\/legalpartners.at\/pl\/#website\",\"url\":\"https:\/\/legalpartners.at\/pl\/\",\"name\":\"LEGALPARTNERS\",\"description\":\"Rechtsanwaltskanzlei Wien\",\"publisher\":{\"@id\":\"https:\/\/legalpartners.at\/pl\/#organization\"},\"potentialAction\":[{\"@type\":\"SearchAction\",\"target\":{\"@type\":\"EntryPoint\",\"urlTemplate\":\"https:\/\/legalpartners.at\/pl\/?s={search_term_string}\"},\"query-input\":{\"@type\":\"PropertyValueSpecification\",\"valueRequired\":true,\"valueName\":\"search_term_string\"}}],\"inLanguage\":\"pl-PL\"},{\"@type\":\"Organization\",\"@id\":\"https:\/\/legalpartners.at\/pl\/#organization\",\"name\":\"LEGALPARTNERS\",\"url\":\"https:\/\/legalpartners.at\/pl\/\",\"logo\":{\"@type\":\"ImageObject\",\"inLanguage\":\"pl-PL\",\"@id\":\"https:\/\/legalpartners.at\/pl\/#\/schema\/logo\/image\/\",\"url\":\"https:\/\/legalpartners.at\/wp-content\/uploads\/2019\/06\/LegalPartners_LOGO_RGB_300-1.jpg\",\"contentUrl\":\"https:\/\/legalpartners.at\/wp-content\/uploads\/2019\/06\/LegalPartners_LOGO_RGB_300-1.jpg\",\"width\":300,\"height\":89,\"caption\":\"LEGALPARTNERS\"},\"image\":{\"@id\":\"https:\/\/legalpartners.at\/pl\/#\/schema\/logo\/image\/\"}}]}<\/script>\n<!-- \/ Yoast SEO plugin. -->","yoast_head_json":{"title":"LEGALPARTNERS | Kancelaria Adwokacka | Nasz Zesp\u00f3\u0142","description":"Nasz zesp\u00f3\u0142 Kancelarii Prawnej LEGALPARTNERS jest do Pa\u0144stwa dyspozycji z wysokimi kompetencjami i wiedz\u0105 fachow\u0105, aby doradza\u0107 Pa\u0144stwu w pe\u0142ni zadowoleni.","robots":{"index":"index","follow":"follow","max-snippet":"max-snippet:-1","max-image-preview":"max-image-preview:large","max-video-preview":"max-video-preview:-1"},"canonical":"https:\/\/legalpartners.at\/pl\/naszzespol\/","og_locale":"pl_PL","og_type":"article","og_title":"LEGALPARTNERS | Kancelaria Adwokacka | Nasz Zesp\u00f3\u0142","og_description":"Nasz zesp\u00f3\u0142 Kancelarii Prawnej LEGALPARTNERS jest do Pa\u0144stwa dyspozycji z wysokimi kompetencjami i wiedz\u0105 fachow\u0105, aby doradza\u0107 Pa\u0144stwu w pe\u0142ni zadowoleni.","og_url":"https:\/\/legalpartners.at\/pl\/naszzespol\/","og_site_name":"LEGALPARTNERS","article_modified_time":"2026-01-21T14:47:13+00:00","og_image":[{"width":400,"height":400,"url":"https:\/\/legalpartners.at\/wp-content\/uploads\/2019\/05\/elisabeth_square.png","type":"image\/png"}],"twitter_card":"summary_large_image","twitter_misc":{"Szacowany czas czytania":"2 minuty"},"schema":{"@context":"https:\/\/schema.org","@graph":[{"@type":"WebPage","@id":"https:\/\/legalpartners.at\/pl\/naszzespol\/","url":"https:\/\/legalpartners.at\/pl\/naszzespol\/","name":"LEGALPARTNERS | Kancelaria Adwokacka | Nasz Zesp\u00f3\u0142","isPartOf":{"@id":"https:\/\/legalpartners.at\/pl\/#website"},"primaryImageOfPage":{"@id":"https:\/\/legalpartners.at\/pl\/naszzespol\/#primaryimage"},"image":{"@id":"https:\/\/legalpartners.at\/pl\/naszzespol\/#primaryimage"},"thumbnailUrl":"https:\/\/legalpartners.at\/wp-content\/uploads\/2019\/05\/elisabeth_square.png","datePublished":"2019-07-26T15:46:12+00:00","dateModified":"2026-01-21T14:47:13+00:00","description":"Nasz zesp\u00f3\u0142 Kancelarii Prawnej LEGALPARTNERS jest do Pa\u0144stwa dyspozycji z wysokimi kompetencjami i wiedz\u0105 fachow\u0105, aby doradza\u0107 Pa\u0144stwu w pe\u0142ni zadowoleni.","breadcrumb":{"@id":"https:\/\/legalpartners.at\/pl\/naszzespol\/#breadcrumb"},"inLanguage":"pl-PL","potentialAction":[{"@type":"ReadAction","target":["https:\/\/legalpartners.at\/pl\/naszzespol\/"]}]},{"@type":"ImageObject","inLanguage":"pl-PL","@id":"https:\/\/legalpartners.at\/pl\/naszzespol\/#primaryimage","url":"https:\/\/legalpartners.at\/wp-content\/uploads\/2019\/05\/elisabeth_square.png","contentUrl":"https:\/\/legalpartners.at\/wp-content\/uploads\/2019\/05\/elisabeth_square.png"},{"@type":"BreadcrumbList","@id":"https:\/\/legalpartners.at\/pl\/naszzespol\/#breadcrumb","itemListElement":[{"@type":"ListItem","position":1,"name":"Startseite","item":"https:\/\/legalpartners.at\/pl\/"},{"@type":"ListItem","position":2,"name":"Nasz Zesp\u00f3\u0142"}]},{"@type":"WebSite","@id":"https:\/\/legalpartners.at\/pl\/#website","url":"https:\/\/legalpartners.at\/pl\/","name":"LEGALPARTNERS","description":"Rechtsanwaltskanzlei Wien","publisher":{"@id":"https:\/\/legalpartners.at\/pl\/#organization"},"potentialAction":[{"@type":"SearchAction","target":{"@type":"EntryPoint","urlTemplate":"https:\/\/legalpartners.at\/pl\/?s={search_term_string}"},"query-input":{"@type":"PropertyValueSpecification","valueRequired":true,"valueName":"search_term_string"}}],"inLanguage":"pl-PL"},{"@type":"Organization","@id":"https:\/\/legalpartners.at\/pl\/#organization","name":"LEGALPARTNERS","url":"https:\/\/legalpartners.at\/pl\/","logo":{"@type":"ImageObject","inLanguage":"pl-PL","@id":"https:\/\/legalpartners.at\/pl\/#\/schema\/logo\/image\/","url":"https:\/\/legalpartners.at\/wp-content\/uploads\/2019\/06\/LegalPartners_LOGO_RGB_300-1.jpg","contentUrl":"https:\/\/legalpartners.at\/wp-content\/uploads\/2019\/06\/LegalPartners_LOGO_RGB_300-1.jpg","width":300,"height":89,"caption":"LEGALPARTNERS"},"image":{"@id":"https:\/\/legalpartners.at\/pl\/#\/schema\/logo\/image\/"}}]}},"_links":{"self":[{"href":"https:\/\/legalpartners.at\/pl\/wp-json\/wp\/v2\/pages\/715","targetHints":{"allow":["GET"]}}],"collection":[{"href":"https:\/\/legalpartners.at\/pl\/wp-json\/wp\/v2\/pages"}],"about":[{"href":"https:\/\/legalpartners.at\/pl\/wp-json\/wp\/v2\/types\/page"}],"author":[{"embeddable":true,"href":"https:\/\/legalpartners.at\/pl\/wp-json\/wp\/v2\/users\/1"}],"replies":[{"embeddable":true,"href":"https:\/\/legalpartners.at\/pl\/wp-json\/wp\/v2\/comments?post=715"}],"version-history":[{"count":45,"href":"https:\/\/legalpartners.at\/pl\/wp-json\/wp\/v2\/pages\/715\/revisions"}],"predecessor-version":[{"id":2355,"href":"https:\/\/legalpartners.at\/pl\/wp-json\/wp\/v2\/pages\/715\/revisions\/2355"}],"wp:attachment":[{"href":"https:\/\/legalpartners.at\/pl\/wp-json\/wp\/v2\/media?parent=715"}],"curies":[{"name":"wp","href":"https:\/\/api.w.org\/{rel}","templated":true}]}}